{"id":1019,"date":"2021-09-09T21:38:18","date_gmt":"2021-09-09T19:38:18","guid":{"rendered":"http:\/\/localhost\/wordpress\/?post_type=product&#038;p=1019"},"modified":"2025-07-17T18:18:20","modified_gmt":"2025-07-17T16:18:20","slug":"iqair-gc-chemisorber-ne","status":"publish","type":"product","link":"https:\/\/www.cleanairtech.at\/en\/product\/iqair-gc-chemisorber-ne\/","title":{"rendered":"IQAir GC ChemiSorber NE"},"content":{"rendered":"<h2>IQAir Luftreiniger GC ChemiSorber<\/h2>\n<p><strong>Der Spezialist gegen chemische Raumluftbelastungen und feine Partikel<\/strong><br \/>\nDer\u00a0IQAir Luftreiniger\u00a0GC ChemiSorber wurde entwickelt f\u00fcr die Filtration eines breiten Spektrums an gasf\u00f6rmigen Chemikalien. Der Schwerpunkt des Filterspektrums liegt auf der Beseitigung von Gasen, hier werden speziell Formaldehyd, Schwefelwasserstoff und Schwefeldioxid neutralisiert.<br \/>\nDesweiteren erlaubt die Filtereinheit des IQAir GC ChemiSorbers die gezielte Filtration luftgel\u00f6ster Verunreinigungen und Partikel wie Pollen, Viren, Bakterien, Allergene, Feinstaub und \u00e4hnliche Stoffe.<\/p>\n<div>\n<h3>IQAir Luftreiniger \/ HyperHEPA nach DIN EN 1822 zertifiziert<\/h3>\n<p>Gepr\u00fcft und zertifiziert \u2013 Der HyperHEPA Filter von IQAir\u00ae ist weltweit der erste Filter f\u00fcr Wohnbereiche, der entsprechend der europ\u00e4ischen Norm EN 1822 gepr\u00fcft und zertifiziert wurde. Dies ist die strengste Pr\u00fcfnorm f\u00fcr Schwebstofffilter und garantiert uneingeschr\u00e4nkte Leistung bei anspruchsvollsten Anwendungen.<\/p>\n<\/div>\n<p>Der Luftaussto\u00df dieses Luftreinigers ist 100% ozonfrei. Das IQAir-Luftreinigungsger\u00e4t produziert garantiert zu mindestens 99,97% partikelfreie Luft und ist dabei relativ leise auf niedrigster Leistungsstufe.<\/p>\n<p><strong>Frische Luft in jedem Raum!<\/strong><\/p>\n<p><strong>Filterwechsel<\/strong><br \/>\nFilterpatronen-Set (4 St\u00fcck) ca. 2 Jahre<br \/>\nFiltermanschetten ca. 2 Jahre<br \/>\nGC Hepa-Vorfilter ca. 1 Jahr (je nach Nutzung)<\/p>","protected":false},"excerpt":{"rendered":"<p>IQAir Luftreiniger GC ChemiSorber Der Spezialist gegen chemische Raumluftbelastungen und feine Partikel Der\u00a0IQAir Luftreiniger\u00a0GC ChemiSorber wurde entwickelt f\u00fcr die Filtration eines breiten Spektrums an gasf\u00f6rmigen Chemikalien. Der Schwerpunkt des Filterspektrums liegt auf der Beseitigung von Gasen, hier werden speziell Formaldehyd, Schwefelwasserstoff und Schwefeldioxid neutralisiert. Desweiteren erlaubt die Filtereinheit des IQAir GC ChemiSorbers die gezielte Filtration [&#8230;]\n","protected":false},"featured_media":941,"comment_status":"open","ping_status":"closed","template":"","meta":[],"product_brand":[],"product_cat":[27],"product_tag":[],"class_list":{"0":"post-1019","1":"product","2":"type-product","3":"status-publish","4":"has-post-thumbnail","6":"product_cat-luftreiniger","8":"first","9":"instock","10":"taxable","11":"shipping-taxable","12":"purchasable","13":"product-type-simple"},"yoast_head":"<!-- This site is optimized with the Yoast SEO plugin v27.2 - https:\/\/yoast.com\/product\/yoast-seo-wordpress\/ -->\n<title>IQAir GC ChemiSorber NE - CLEANAIRTECH<\/title>\n<meta name=\"description\" content=\"Der Luftreiniger und Spezialist gegen chemische Raumluftbelastungen und feine Partikel - er arbeitet w\u00e4hrend Sie schlafen\" \/>\n<meta name=\"robots\" content=\"index, follow, max-snippet:-1, max-image-preview:large, max-video-preview:-1\" \/>\n<link rel=\"canonical\" href=\"https:\/\/www.cleanairtech.at\/en\/product\/iqair-gc-chemisorber-ne\/\" \/>\n<meta property=\"og:locale\" content=\"en_US\" \/>\n<meta property=\"og:type\" content=\"article\" \/>\n<meta property=\"og:title\" content=\"IQAir GC ChemiSorber NE - CLEANAIRTECH\" \/>\n<meta property=\"og:description\" content=\"Der Luftreiniger und Spezialist gegen chemische Raumluftbelastungen und feine Partikel - er arbeitet w\u00e4hrend Sie schlafen\" \/>\n<meta property=\"og:url\" content=\"https:\/\/www.cleanairtech.at\/en\/product\/iqair-gc-chemisorber-ne\/\" \/>\n<meta property=\"og:site_name\" content=\"CLEANAIRTECH\" \/>\n<meta property=\"article:modified_time\" content=\"2025-07-17T16:18:20+00:00\" \/>\n<meta property=\"og:image\" content=\"https:\/\/www.cleanairtech.at\/wp-content\/uploads\/2021\/08\/32.png\" \/>\n\t<meta property=\"og:image:width\" content=\"494\" \/>\n\t<meta property=\"og:image:height\" content=\"543\" \/>\n\t<meta property=\"og:image:type\" content=\"image\/png\" \/>\n<meta name=\"twitter:card\" content=\"summary_large_image\" \/>\n<meta name=\"twitter:label1\" content=\"Est. reading time\" \/>\n\t<meta name=\"twitter:data1\" content=\"1 minute\" \/>\n<script type=\"application\/ld+json\" class=\"yoast-schema-graph\">{\"@context\":\"https:\/\/schema.org\",\"@graph\":[{\"@type\":\"WebPage\",\"@id\":\"https:\/\/www.cleanairtech.at\/product\/iqair-gc-chemisorber-ne\/\",\"url\":\"https:\/\/www.cleanairtech.at\/product\/iqair-gc-chemisorber-ne\/\",\"name\":\"IQAir GC ChemiSorber NE - CLEANAIRTECH\",\"isPartOf\":{\"@id\":\"https:\/\/www.cleanairtech.at\/#website\"},\"primaryImageOfPage\":{\"@id\":\"https:\/\/www.cleanairtech.at\/product\/iqair-gc-chemisorber-ne\/#primaryimage\"},\"image\":{\"@id\":\"https:\/\/www.cleanairtech.at\/product\/iqair-gc-chemisorber-ne\/#primaryimage\"},\"thumbnailUrl\":\"https:\/\/www.cleanairtech.at\/wp-content\/uploads\/2021\/08\/32.png\",\"datePublished\":\"2021-09-09T19:38:18+00:00\",\"dateModified\":\"2025-07-17T16:18:20+00:00\",\"description\":\"Der Luftreiniger und Spezialist gegen chemische Raumluftbelastungen und feine Partikel - er arbeitet w\u00e4hrend Sie schlafen\",\"breadcrumb\":{\"@id\":\"https:\/\/www.cleanairtech.at\/product\/iqair-gc-chemisorber-ne\/#breadcrumb\"},\"inLanguage\":\"en-US\",\"potentialAction\":[{\"@type\":\"ReadAction\",\"target\":[\"https:\/\/www.cleanairtech.at\/product\/iqair-gc-chemisorber-ne\/\"]}]},{\"@type\":\"ImageObject\",\"inLanguage\":\"en-US\",\"@id\":\"https:\/\/www.cleanairtech.at\/product\/iqair-gc-chemisorber-ne\/#primaryimage\",\"url\":\"https:\/\/www.cleanairtech.at\/wp-content\/uploads\/2021\/08\/32.png\",\"contentUrl\":\"https:\/\/www.cleanairtech.at\/wp-content\/uploads\/2021\/08\/32.png\",\"width\":494,\"height\":543},{\"@type\":\"BreadcrumbList\",\"@id\":\"https:\/\/www.cleanairtech.at\/product\/iqair-gc-chemisorber-ne\/#breadcrumb\",\"itemListElement\":[{\"@type\":\"ListItem\",\"position\":1,\"name\":\"Startseite\",\"item\":\"https:\/\/www.cleanairtech.at\/\"},{\"@type\":\"ListItem\",\"position\":2,\"name\":\"Shop\",\"item\":\"http:\/\/www.cleanairtech.at\/en\/shop-2\/\"},{\"@type\":\"ListItem\",\"position\":3,\"name\":\"IQAir GC ChemiSorber NE\"}]},{\"@type\":\"WebSite\",\"@id\":\"https:\/\/www.cleanairtech.at\/#website\",\"url\":\"https:\/\/www.cleanairtech.at\/\",\"name\":\"Cleanairtech\",\"description\":\"Andreas Winter GmbH\",\"publisher\":{\"@id\":\"https:\/\/www.cleanairtech.at\/#organization\"},\"potentialAction\":[{\"@type\":\"SearchAction\",\"target\":{\"@type\":\"EntryPoint\",\"urlTemplate\":\"https:\/\/www.cleanairtech.at\/?s={search_term_string}\"},\"query-input\":{\"@type\":\"PropertyValueSpecification\",\"valueRequired\":true,\"valueName\":\"search_term_string\"}}],\"inLanguage\":\"en-US\"},{\"@type\":\"Organization\",\"@id\":\"https:\/\/www.cleanairtech.at\/#organization\",\"name\":\"Sytech\",\"url\":\"https:\/\/www.cleanairtech.at\/\",\"logo\":{\"@type\":\"ImageObject\",\"inLanguage\":\"en-US\",\"@id\":\"https:\/\/www.cleanairtech.at\/#\/schema\/logo\/image\/\",\"url\":\"http:\/\/www.cleanairtech.at\/wp-content\/uploads\/2021\/08\/Sytech_Logo.png\",\"contentUrl\":\"http:\/\/www.cleanairtech.at\/wp-content\/uploads\/2021\/08\/Sytech_Logo.png\",\"width\":285,\"height\":80,\"caption\":\"Sytech\"},\"image\":{\"@id\":\"https:\/\/www.cleanairtech.at\/#\/schema\/logo\/image\/\"}}]}<\/script>\n<!-- \/ Yoast SEO plugin. -->","yoast_head_json":{"title":"IQAir GC ChemiSorber NE - CLEANAIRTECH","description":"Der Luftreiniger und Spezialist gegen chemische Raumluftbelastungen und feine Partikel - er arbeitet w\u00e4hrend Sie schlafen","robots":{"index":"index","follow":"follow","max-snippet":"max-snippet:-1","max-image-preview":"max-image-preview:large","max-video-preview":"max-video-preview:-1"},"canonical":"https:\/\/www.cleanairtech.at\/en\/product\/iqair-gc-chemisorber-ne\/","og_locale":"en_US","og_type":"article","og_title":"IQAir GC ChemiSorber NE - CLEANAIRTECH","og_description":"Der Luftreiniger und Spezialist gegen chemische Raumluftbelastungen und feine Partikel - er arbeitet w\u00e4hrend Sie schlafen","og_url":"https:\/\/www.cleanairtech.at\/en\/product\/iqair-gc-chemisorber-ne\/","og_site_name":"CLEANAIRTECH","article_modified_time":"2025-07-17T16:18:20+00:00","og_image":[{"width":494,"height":543,"url":"https:\/\/www.cleanairtech.at\/wp-content\/uploads\/2021\/08\/32.png","type":"image\/png"}],"twitter_card":"summary_large_image","twitter_misc":{"Est. reading time":"1 minute"},"schema":{"@context":"https:\/\/schema.org","@graph":[{"@type":"WebPage","@id":"https:\/\/www.cleanairtech.at\/product\/iqair-gc-chemisorber-ne\/","url":"https:\/\/www.cleanairtech.at\/product\/iqair-gc-chemisorber-ne\/","name":"IQAir GC ChemiSorber NE - CLEANAIRTECH","isPartOf":{"@id":"https:\/\/www.cleanairtech.at\/#website"},"primaryImageOfPage":{"@id":"https:\/\/www.cleanairtech.at\/product\/iqair-gc-chemisorber-ne\/#primaryimage"},"image":{"@id":"https:\/\/www.cleanairtech.at\/product\/iqair-gc-chemisorber-ne\/#primaryimage"},"thumbnailUrl":"https:\/\/www.cleanairtech.at\/wp-content\/uploads\/2021\/08\/32.png","datePublished":"2021-09-09T19:38:18+00:00","dateModified":"2025-07-17T16:18:20+00:00","description":"Der Luftreiniger und Spezialist gegen chemische Raumluftbelastungen und feine Partikel - er arbeitet w\u00e4hrend Sie schlafen","breadcrumb":{"@id":"https:\/\/www.cleanairtech.at\/product\/iqair-gc-chemisorber-ne\/#breadcrumb"},"inLanguage":"en-US","potentialAction":[{"@type":"ReadAction","target":["https:\/\/www.cleanairtech.at\/product\/iqair-gc-chemisorber-ne\/"]}]},{"@type":"ImageObject","inLanguage":"en-US","@id":"https:\/\/www.cleanairtech.at\/product\/iqair-gc-chemisorber-ne\/#primaryimage","url":"https:\/\/www.cleanairtech.at\/wp-content\/uploads\/2021\/08\/32.png","contentUrl":"https:\/\/www.cleanairtech.at\/wp-content\/uploads\/2021\/08\/32.png","width":494,"height":543},{"@type":"BreadcrumbList","@id":"https:\/\/www.cleanairtech.at\/product\/iqair-gc-chemisorber-ne\/#breadcrumb","itemListElement":[{"@type":"ListItem","position":1,"name":"Startseite","item":"https:\/\/www.cleanairtech.at\/"},{"@type":"ListItem","position":2,"name":"Shop","item":"http:\/\/www.cleanairtech.at\/en\/shop-2\/"},{"@type":"ListItem","position":3,"name":"IQAir GC ChemiSorber NE"}]},{"@type":"WebSite","@id":"https:\/\/www.cleanairtech.at\/#website","url":"https:\/\/www.cleanairtech.at\/","name":"Cleanairtech","description":"Andreas Winter GmbH","publisher":{"@id":"https:\/\/www.cleanairtech.at\/#organization"},"potentialAction":[{"@type":"SearchAction","target":{"@type":"EntryPoint","urlTemplate":"https:\/\/www.cleanairtech.at\/?s={search_term_string}"},"query-input":{"@type":"PropertyValueSpecification","valueRequired":true,"valueName":"search_term_string"}}],"inLanguage":"en-US"},{"@type":"Organization","@id":"https:\/\/www.cleanairtech.at\/#organization","name":"Sytech","url":"https:\/\/www.cleanairtech.at\/","logo":{"@type":"ImageObject","inLanguage":"en-US","@id":"https:\/\/www.cleanairtech.at\/#\/schema\/logo\/image\/","url":"http:\/\/www.cleanairtech.at\/wp-content\/uploads\/2021\/08\/Sytech_Logo.png","contentUrl":"http:\/\/www.cleanairtech.at\/wp-content\/uploads\/2021\/08\/Sytech_Logo.png","width":285,"height":80,"caption":"Sytech"},"image":{"@id":"https:\/\/www.cleanairtech.at\/#\/schema\/logo\/image\/"}}]}},"_links":{"self":[{"href":"https:\/\/www.cleanairtech.at\/en\/wp-json\/wp\/v2\/product\/1019","targetHints":{"allow":["GET"]}}],"collection":[{"href":"https:\/\/www.cleanairtech.at\/en\/wp-json\/wp\/v2\/product"}],"about":[{"href":"https:\/\/www.cleanairtech.at\/en\/wp-json\/wp\/v2\/types\/product"}],"replies":[{"embeddable":true,"href":"https:\/\/www.cleanairtech.at\/en\/wp-json\/wp\/v2\/comments?post=1019"}],"wp:featuredmedia":[{"embeddable":true,"href":"https:\/\/www.cleanairtech.at\/en\/wp-json\/wp\/v2\/media\/941"}],"wp:attachment":[{"href":"https:\/\/www.cleanairtech.at\/en\/wp-json\/wp\/v2\/media?parent=1019"}],"wp:term":[{"taxonomy":"product_brand","embeddable":true,"href":"https:\/\/www.cleanairtech.at\/en\/wp-json\/wp\/v2\/product_brand?post=1019"},{"taxonomy":"product_cat","embeddable":true,"href":"https:\/\/www.cleanairtech.at\/en\/wp-json\/wp\/v2\/product_cat?post=1019"},{"taxonomy":"product_tag","embeddable":true,"href":"https:\/\/www.cleanairtech.at\/en\/wp-json\/wp\/v2\/product_tag?post=1019"}],"curies":[{"name":"wp","href":"https:\/\/api.w.org\/{rel}","templated":true}]}}