{"id":1020,"date":"2021-09-09T21:39:47","date_gmt":"2021-09-09T19:39:47","guid":{"rendered":"http:\/\/localhost\/wordpress\/?post_type=product&#038;p=1020"},"modified":"2025-07-17T18:18:20","modified_gmt":"2025-07-17T16:18:20","slug":"iqair-gc-am-ne","status":"publish","type":"product","link":"https:\/\/www.cleanairtech.at\/en\/product\/iqair-gc-am-ne\/","title":{"rendered":"IQAir GC AM NE"},"content":{"rendered":"<h2>IQAir Luftreiniger GC AM NE: f\u00fcr anspruchsvolle Aufgaben<\/h2>\n<p><strong>Spezialist gegen beissende Ger\u00fcche und feine Partikel wie Ammoniak und Amine z. B. Methylamin, Trietylamin, etc.<\/strong><br \/>\nEntwickelt f\u00fcr Filterung von beissenden Ger\u00fcchen und Partikeln erm\u00f6glicht der IQAir GC AM eine optimale Geruchsfiltration. Speziell auf Ger\u00fcche ausgel\u00f6st von Ammoniak, liegt der Schwerpunkt des Luftreinigers auf der Geruchsbeseitigung. Die Filtereinheit des IQAir GC AM erm\u00f6glicht eine leistugsstarke Filtration von Partikeln wie Pollen, Viren, Bakterien, Allergenen, Feinstaub und \u00e4hnlichen Stoffen.<\/p>\n<div>\n<h3>IQAir Luftreiniger \/ HyperHEPA nach DIN EN 1822 zertifiziert<\/h3>\n<p>Gepr\u00fcft und zertifiziert \u2013 Der HyperHEPA Filter von IQAir\u00ae ist weltweit der erste Filter f\u00fcr Wohnbereiche, der entsprechend der europ\u00e4ischen Norm EN 1822 gepr\u00fcft und zertifiziert wurde. Dies ist die strengste Pr\u00fcfnorm f\u00fcr Schwebstofffilter und garantiert uneingeschr\u00e4nkte Leistung bei anspruchsvollsten Anwendungen.<\/p>\n<\/div>\n<p>IQAir Luftreiniger\u00a0arbeiten zu 100% ozonfrei. Das IQAir-Luftreinigungssystem produziert zu 99% partikelfreie Luft und ist dabei ger\u00e4uscharm. Die Dezibelwerte steigern sich auf den verschiedenen Ventilationsstufen.<\/p>\n<p><strong>Erweiterte Einsatzm\u00f6glichkeit:<\/strong><br \/>\nLuftreiniger\u00a0mit Laufrollen f\u00fcr leichten Transport. In jedem Zimmer ist frische, gereinigte Luft m\u00f6glich.<\/p>\n<p><strong>Filterwechsel:<\/strong><br \/>\nFilterpatronen-Set (4 St\u00fcck) ca. 2 Jahre<br \/>\nFiltermanschetten ca. 2 Jahre<br \/>\nGC Hepa-Vorfilter ca. 1 Jahr (je nach Nutzung)<\/p>","protected":false},"excerpt":{"rendered":"<p>IQAir Luftreiniger GC AM NE: f\u00fcr anspruchsvolle Aufgaben Spezialist gegen beissende Ger\u00fcche und feine Partikel wie Ammoniak und Amine z. B. Methylamin, Trietylamin, etc. Entwickelt f\u00fcr Filterung von beissenden Ger\u00fcchen und Partikeln erm\u00f6glicht der IQAir GC AM eine optimale Geruchsfiltration. Speziell auf Ger\u00fcche ausgel\u00f6st von Ammoniak, liegt der Schwerpunkt des Luftreinigers auf der Geruchsbeseitigung. Die [&#8230;]\n","protected":false},"featured_media":941,"comment_status":"open","ping_status":"closed","template":"","meta":[],"product_brand":[],"product_cat":[27],"product_tag":[],"class_list":{"0":"post-1020","1":"product","2":"type-product","3":"status-publish","4":"has-post-thumbnail","6":"product_cat-luftreiniger","8":"first","9":"instock","10":"taxable","11":"shipping-taxable","12":"purchasable","13":"product-type-simple"},"yoast_head":"<!-- This site is optimized with the Yoast SEO plugin v27.2 - https:\/\/yoast.com\/product\/yoast-seo-wordpress\/ -->\n<title>IQAir GC AM NE - CLEANAIRTECH<\/title>\n<meta name=\"robots\" content=\"index, follow, max-snippet:-1, max-image-preview:large, max-video-preview:-1\" \/>\n<link rel=\"canonical\" href=\"https:\/\/www.cleanairtech.at\/en\/product\/iqair-gc-am-ne\/\" \/>\n<meta property=\"og:locale\" content=\"en_US\" \/>\n<meta property=\"og:type\" content=\"article\" \/>\n<meta property=\"og:title\" content=\"IQAir GC AM NE - CLEANAIRTECH\" \/>\n<meta property=\"og:description\" content=\"IQAir Luftreiniger GC AM NE: f\u00fcr anspruchsvolle Aufgaben Spezialist gegen beissende Ger\u00fcche und feine Partikel wie Ammoniak und Amine z. B. Methylamin, Trietylamin, etc. Entwickelt f\u00fcr Filterung von beissenden Ger\u00fcchen und Partikeln erm\u00f6glicht der IQAir GC AM eine optimale Geruchsfiltration. Speziell auf Ger\u00fcche ausgel\u00f6st von Ammoniak, liegt der Schwerpunkt des Luftreinigers auf der Geruchsbeseitigung. Die [...]\" \/>\n<meta property=\"og:url\" content=\"https:\/\/www.cleanairtech.at\/en\/product\/iqair-gc-am-ne\/\" \/>\n<meta property=\"og:site_name\" content=\"CLEANAIRTECH\" \/>\n<meta property=\"article:modified_time\" content=\"2025-07-17T16:18:20+00:00\" \/>\n<meta property=\"og:image\" content=\"https:\/\/www.cleanairtech.at\/wp-content\/uploads\/2021\/08\/32.png\" \/>\n\t<meta property=\"og:image:width\" content=\"494\" \/>\n\t<meta property=\"og:image:height\" content=\"543\" \/>\n\t<meta property=\"og:image:type\" content=\"image\/png\" \/>\n<meta name=\"twitter:card\" content=\"summary_large_image\" \/>\n<meta name=\"twitter:label1\" content=\"Est. reading time\" \/>\n\t<meta name=\"twitter:data1\" content=\"1 minute\" \/>\n<script type=\"application\/ld+json\" class=\"yoast-schema-graph\">{\"@context\":\"https:\/\/schema.org\",\"@graph\":[{\"@type\":\"WebPage\",\"@id\":\"https:\/\/www.cleanairtech.at\/en\/product\/iqair-gc-am-ne\/\",\"url\":\"https:\/\/www.cleanairtech.at\/en\/product\/iqair-gc-am-ne\/\",\"name\":\"IQAir GC AM NE - CLEANAIRTECH\",\"isPartOf\":{\"@id\":\"https:\/\/www.cleanairtech.at\/#website\"},\"primaryImageOfPage\":{\"@id\":\"https:\/\/www.cleanairtech.at\/en\/product\/iqair-gc-am-ne\/#primaryimage\"},\"image\":{\"@id\":\"https:\/\/www.cleanairtech.at\/en\/product\/iqair-gc-am-ne\/#primaryimage\"},\"thumbnailUrl\":\"https:\/\/www.cleanairtech.at\/wp-content\/uploads\/2021\/08\/32.png\",\"datePublished\":\"2021-09-09T19:39:47+00:00\",\"dateModified\":\"2025-07-17T16:18:20+00:00\",\"breadcrumb\":{\"@id\":\"https:\/\/www.cleanairtech.at\/en\/product\/iqair-gc-am-ne\/#breadcrumb\"},\"inLanguage\":\"en-US\",\"potentialAction\":[{\"@type\":\"ReadAction\",\"target\":[\"https:\/\/www.cleanairtech.at\/en\/product\/iqair-gc-am-ne\/\"]}]},{\"@type\":\"ImageObject\",\"inLanguage\":\"en-US\",\"@id\":\"https:\/\/www.cleanairtech.at\/en\/product\/iqair-gc-am-ne\/#primaryimage\",\"url\":\"https:\/\/www.cleanairtech.at\/wp-content\/uploads\/2021\/08\/32.png\",\"contentUrl\":\"https:\/\/www.cleanairtech.at\/wp-content\/uploads\/2021\/08\/32.png\",\"width\":494,\"height\":543},{\"@type\":\"BreadcrumbList\",\"@id\":\"https:\/\/www.cleanairtech.at\/en\/product\/iqair-gc-am-ne\/#breadcrumb\",\"itemListElement\":[{\"@type\":\"ListItem\",\"position\":1,\"name\":\"Startseite\",\"item\":\"https:\/\/www.cleanairtech.at\/\"},{\"@type\":\"ListItem\",\"position\":2,\"name\":\"Shop\",\"item\":\"http:\/\/www.cleanairtech.at\/en\/shop-2\/\"},{\"@type\":\"ListItem\",\"position\":3,\"name\":\"IQAir GC AM NE\"}]},{\"@type\":\"WebSite\",\"@id\":\"https:\/\/www.cleanairtech.at\/#website\",\"url\":\"https:\/\/www.cleanairtech.at\/\",\"name\":\"Cleanairtech\",\"description\":\"Andreas Winter GmbH\",\"publisher\":{\"@id\":\"https:\/\/www.cleanairtech.at\/#organization\"},\"potentialAction\":[{\"@type\":\"SearchAction\",\"target\":{\"@type\":\"EntryPoint\",\"urlTemplate\":\"https:\/\/www.cleanairtech.at\/?s={search_term_string}\"},\"query-input\":{\"@type\":\"PropertyValueSpecification\",\"valueRequired\":true,\"valueName\":\"search_term_string\"}}],\"inLanguage\":\"en-US\"},{\"@type\":\"Organization\",\"@id\":\"https:\/\/www.cleanairtech.at\/#organization\",\"name\":\"Sytech\",\"url\":\"https:\/\/www.cleanairtech.at\/\",\"logo\":{\"@type\":\"ImageObject\",\"inLanguage\":\"en-US\",\"@id\":\"https:\/\/www.cleanairtech.at\/#\/schema\/logo\/image\/\",\"url\":\"http:\/\/www.cleanairtech.at\/wp-content\/uploads\/2021\/08\/Sytech_Logo.png\",\"contentUrl\":\"http:\/\/www.cleanairtech.at\/wp-content\/uploads\/2021\/08\/Sytech_Logo.png\",\"width\":285,\"height\":80,\"caption\":\"Sytech\"},\"image\":{\"@id\":\"https:\/\/www.cleanairtech.at\/#\/schema\/logo\/image\/\"}}]}<\/script>\n<!-- \/ Yoast SEO plugin. -->","yoast_head_json":{"title":"IQAir GC AM NE - CLEANAIRTECH","robots":{"index":"index","follow":"follow","max-snippet":"max-snippet:-1","max-image-preview":"max-image-preview:large","max-video-preview":"max-video-preview:-1"},"canonical":"https:\/\/www.cleanairtech.at\/en\/product\/iqair-gc-am-ne\/","og_locale":"en_US","og_type":"article","og_title":"IQAir GC AM NE - CLEANAIRTECH","og_description":"IQAir Luftreiniger GC AM NE: f\u00fcr anspruchsvolle Aufgaben Spezialist gegen beissende Ger\u00fcche und feine Partikel wie Ammoniak und Amine z. B. Methylamin, Trietylamin, etc. Entwickelt f\u00fcr Filterung von beissenden Ger\u00fcchen und Partikeln erm\u00f6glicht der IQAir GC AM eine optimale Geruchsfiltration. Speziell auf Ger\u00fcche ausgel\u00f6st von Ammoniak, liegt der Schwerpunkt des Luftreinigers auf der Geruchsbeseitigung. Die [...]","og_url":"https:\/\/www.cleanairtech.at\/en\/product\/iqair-gc-am-ne\/","og_site_name":"CLEANAIRTECH","article_modified_time":"2025-07-17T16:18:20+00:00","og_image":[{"width":494,"height":543,"url":"https:\/\/www.cleanairtech.at\/wp-content\/uploads\/2021\/08\/32.png","type":"image\/png"}],"twitter_card":"summary_large_image","twitter_misc":{"Est. reading time":"1 minute"},"schema":{"@context":"https:\/\/schema.org","@graph":[{"@type":"WebPage","@id":"https:\/\/www.cleanairtech.at\/en\/product\/iqair-gc-am-ne\/","url":"https:\/\/www.cleanairtech.at\/en\/product\/iqair-gc-am-ne\/","name":"IQAir GC AM NE - CLEANAIRTECH","isPartOf":{"@id":"https:\/\/www.cleanairtech.at\/#website"},"primaryImageOfPage":{"@id":"https:\/\/www.cleanairtech.at\/en\/product\/iqair-gc-am-ne\/#primaryimage"},"image":{"@id":"https:\/\/www.cleanairtech.at\/en\/product\/iqair-gc-am-ne\/#primaryimage"},"thumbnailUrl":"https:\/\/www.cleanairtech.at\/wp-content\/uploads\/2021\/08\/32.png","datePublished":"2021-09-09T19:39:47+00:00","dateModified":"2025-07-17T16:18:20+00:00","breadcrumb":{"@id":"https:\/\/www.cleanairtech.at\/en\/product\/iqair-gc-am-ne\/#breadcrumb"},"inLanguage":"en-US","potentialAction":[{"@type":"ReadAction","target":["https:\/\/www.cleanairtech.at\/en\/product\/iqair-gc-am-ne\/"]}]},{"@type":"ImageObject","inLanguage":"en-US","@id":"https:\/\/www.cleanairtech.at\/en\/product\/iqair-gc-am-ne\/#primaryimage","url":"https:\/\/www.cleanairtech.at\/wp-content\/uploads\/2021\/08\/32.png","contentUrl":"https:\/\/www.cleanairtech.at\/wp-content\/uploads\/2021\/08\/32.png","width":494,"height":543},{"@type":"BreadcrumbList","@id":"https:\/\/www.cleanairtech.at\/en\/product\/iqair-gc-am-ne\/#breadcrumb","itemListElement":[{"@type":"ListItem","position":1,"name":"Startseite","item":"https:\/\/www.cleanairtech.at\/"},{"@type":"ListItem","position":2,"name":"Shop","item":"http:\/\/www.cleanairtech.at\/en\/shop-2\/"},{"@type":"ListItem","position":3,"name":"IQAir GC AM NE"}]},{"@type":"WebSite","@id":"https:\/\/www.cleanairtech.at\/#website","url":"https:\/\/www.cleanairtech.at\/","name":"Cleanairtech","description":"Andreas Winter GmbH","publisher":{"@id":"https:\/\/www.cleanairtech.at\/#organization"},"potentialAction":[{"@type":"SearchAction","target":{"@type":"EntryPoint","urlTemplate":"https:\/\/www.cleanairtech.at\/?s={search_term_string}"},"query-input":{"@type":"PropertyValueSpecification","valueRequired":true,"valueName":"search_term_string"}}],"inLanguage":"en-US"},{"@type":"Organization","@id":"https:\/\/www.cleanairtech.at\/#organization","name":"Sytech","url":"https:\/\/www.cleanairtech.at\/","logo":{"@type":"ImageObject","inLanguage":"en-US","@id":"https:\/\/www.cleanairtech.at\/#\/schema\/logo\/image\/","url":"http:\/\/www.cleanairtech.at\/wp-content\/uploads\/2021\/08\/Sytech_Logo.png","contentUrl":"http:\/\/www.cleanairtech.at\/wp-content\/uploads\/2021\/08\/Sytech_Logo.png","width":285,"height":80,"caption":"Sytech"},"image":{"@id":"https:\/\/www.cleanairtech.at\/#\/schema\/logo\/image\/"}}]}},"_links":{"self":[{"href":"https:\/\/www.cleanairtech.at\/en\/wp-json\/wp\/v2\/product\/1020","targetHints":{"allow":["GET"]}}],"collection":[{"href":"https:\/\/www.cleanairtech.at\/en\/wp-json\/wp\/v2\/product"}],"about":[{"href":"https:\/\/www.cleanairtech.at\/en\/wp-json\/wp\/v2\/types\/product"}],"replies":[{"embeddable":true,"href":"https:\/\/www.cleanairtech.at\/en\/wp-json\/wp\/v2\/comments?post=1020"}],"wp:featuredmedia":[{"embeddable":true,"href":"https:\/\/www.cleanairtech.at\/en\/wp-json\/wp\/v2\/media\/941"}],"wp:attachment":[{"href":"https:\/\/www.cleanairtech.at\/en\/wp-json\/wp\/v2\/media?parent=1020"}],"wp:term":[{"taxonomy":"product_brand","embeddable":true,"href":"https:\/\/www.cleanairtech.at\/en\/wp-json\/wp\/v2\/product_brand?post=1020"},{"taxonomy":"product_cat","embeddable":true,"href":"https:\/\/www.cleanairtech.at\/en\/wp-json\/wp\/v2\/product_cat?post=1020"},{"taxonomy":"product_tag","embeddable":true,"href":"https:\/\/www.cleanairtech.at\/en\/wp-json\/wp\/v2\/product_tag?post=1020"}],"curies":[{"name":"wp","href":"https:\/\/api.w.org\/{rel}","templated":true}]}}