{"id":1021,"date":"2021-09-09T21:43:52","date_gmt":"2021-09-09T19:43:52","guid":{"rendered":"http:\/\/localhost\/wordpress\/?post_type=product&#038;p=1021"},"modified":"2025-07-17T18:19:48","modified_gmt":"2025-07-17T16:19:48","slug":"iqair-gc-acidpro-ne","status":"publish","type":"product","link":"https:\/\/www.cleanairtech.at\/en\/product\/iqair-gc-acidpro-ne\/","title":{"rendered":"IQAir GC AcidPro NE"},"content":{"rendered":"<h2>IQAir Luftreiniger GC MultiGas &#8211; auch bei MCS geeignet<\/h2>\n<p><strong>Hochleistungsluftreiniger gegen Gase, VOC, Ger\u00fcche und feine Partikel<\/strong><\/p>\n<p>Entwickelt f\u00fcr ein gro\u00dfes Spektrum von molekularen Verunreinigungen und Partikeln erm\u00f6glicht der GC MultiGas, wie eine professionelle Gasmaske, eine optimale Molekularfiltration f\u00fcr ein breites Spektrum von Ger\u00fcchen und gasf\u00f6rmigen Chemikalien. Der Schwerpunkt des Filterspektrum liegt besonders auf der Beseitigung von Gasen und Ger\u00fcchen, bietet jedoch auch eine sehr gute Filterung von Partikeln wie Pollen, Allergenen, Feinstaub und \u00e4hnliche Stoffe.<\/p>\n<p>Alle IQAir Luftreiniger sind 100% ozonfrei. Kaum ein Luftreinigungsger\u00e4t auf dem Markt produziert zu 99,97% Partikel-freie Luft und ist leiser als ein IQAir. Die Dezibelwerte steigern sich auf den verschiedenen Ventilationsstufen.<\/p>\n<p>Luftreiniger mit Laufrollen f\u00fcr leichten Transport, frische Luft in jedem Zimmer.<\/p>\n<h4><strong>Der Luftreiniger GC MultiGas NE:<\/strong><\/h4>\n<p>Einer der wenigen Luftreiniger, die f\u00fcr den Einsatz im Umfeld von Personen geeignet sind, die an MCS leiden.<\/p>\n<p>Der IQAir GC MultiGas NE ist besonders spezialisiert auf ein breites Spektrum gasf\u00f6rmiger Schadstoffe\u00a0 und Ger\u00fcche, inklusive VOCs, Formaldehyd, Kohlenwasserstoffe, Schwefeloxide, Schwefelwasserstoff, niedrigmolekulare Aldehyde &amp; organische S\u00e4uren, h\u00f6hermolekulare Gase, Stickstoffoxide, Ger\u00fcche &amp; Ozon.<\/p>\n<p>+ <span id=\"[0,3]\" class=\"word\">f\u00fcr<\/span> <span id=\"[4,9]\" class=\"word\">saure<\/span> <span id=\"[10,14]\" class=\"word\">Gase<\/span> <span id=\"[15,30]\" class=\"word\">einschlie\u00dflich<\/span> <span id=\"[31,42]\" class=\"word\">Caprins\u00e4ure<\/span>, <span id=\"[44,55]\" class=\"word\">Capryls\u00e4ure<\/span>, <span id=\"[57,62]\" class=\"word\">Chlor<\/span>, <span id=\"[64,76]\" class=\"word\">Ameisens\u00e4ure<\/span>, <span id=\"[78,87]\" class=\"word\">Broms\u00e4ure<\/span>, <span id=\"[90,99]\" class=\"word\">Salzs\u00e4ure<\/span>, <span id=\"[101,114]\" class=\"word\">Salpeters\u00e4ure<\/span>, <span id=\"[116,135]\" class=\"word\">Distickstoffmonoxid<\/span>, <span id=\"[137,150]\" class=\"word\">Schwefels\u00e4ure<\/span> u<span id=\"[152,154]\" class=\"word\">sw<\/span>.<\/p>\n","protected":false},"excerpt":{"rendered":"<p>IQAir Luftreiniger GC MultiGas &#8211; auch bei MCS geeignet Hochleistungsluftreiniger gegen Gase, VOC, Ger\u00fcche und feine Partikel Entwickelt f\u00fcr ein gro\u00dfes Spektrum von molekularen Verunreinigungen und Partikeln erm\u00f6glicht der GC MultiGas, wie eine professionelle Gasmaske, eine optimale Molekularfiltration f\u00fcr ein breites Spektrum von Ger\u00fcchen und gasf\u00f6rmigen Chemikalien. Der Schwerpunkt des Filterspektrum liegt besonders auf der [&#8230;]\n","protected":false},"featured_media":941,"comment_status":"open","ping_status":"closed","template":"","meta":[],"product_brand":[],"product_cat":[27],"product_tag":[],"class_list":{"0":"post-1021","1":"product","2":"type-product","3":"status-publish","4":"has-post-thumbnail","6":"product_cat-luftreiniger","8":"first","9":"instock","10":"taxable","11":"shipping-taxable","12":"purchasable","13":"product-type-simple"},"yoast_head":"<!-- This site is optimized with the Yoast SEO plugin v27.2 - https:\/\/yoast.com\/product\/yoast-seo-wordpress\/ -->\n<title>IQAir GC AcidPro NE - CLEANAIRTECH<\/title>\n<meta name=\"description\" content=\"IQAir GC AcidPro NE ist einer der wenigen Luftreiniger, die f\u00fcr den Einsatz im Umfeld von Personen geeignet sind, die an MCS leiden.\" \/>\n<meta name=\"robots\" content=\"index, follow, max-snippet:-1, max-image-preview:large, max-video-preview:-1\" \/>\n<link rel=\"canonical\" href=\"https:\/\/www.cleanairtech.at\/en\/product\/iqair-gc-acidpro-ne\/\" \/>\n<meta property=\"og:locale\" content=\"en_US\" \/>\n<meta property=\"og:type\" content=\"article\" \/>\n<meta property=\"og:title\" content=\"IQAir GC AcidPro NE - CLEANAIRTECH\" \/>\n<meta property=\"og:description\" content=\"IQAir GC AcidPro NE ist einer der wenigen Luftreiniger, die f\u00fcr den Einsatz im Umfeld von Personen geeignet sind, die an MCS leiden.\" \/>\n<meta property=\"og:url\" content=\"https:\/\/www.cleanairtech.at\/en\/product\/iqair-gc-acidpro-ne\/\" \/>\n<meta property=\"og:site_name\" content=\"CLEANAIRTECH\" \/>\n<meta property=\"article:modified_time\" content=\"2025-07-17T16:19:48+00:00\" \/>\n<meta property=\"og:image\" content=\"https:\/\/www.cleanairtech.at\/wp-content\/uploads\/2021\/08\/32.png\" \/>\n\t<meta property=\"og:image:width\" content=\"494\" \/>\n\t<meta property=\"og:image:height\" content=\"543\" \/>\n\t<meta property=\"og:image:type\" content=\"image\/png\" \/>\n<meta name=\"twitter:card\" content=\"summary_large_image\" \/>\n<meta name=\"twitter:label1\" content=\"Est. reading time\" \/>\n\t<meta name=\"twitter:data1\" content=\"2 minutes\" \/>\n<script type=\"application\/ld+json\" class=\"yoast-schema-graph\">{\"@context\":\"https:\/\/schema.org\",\"@graph\":[{\"@type\":\"WebPage\",\"@id\":\"https:\/\/www.cleanairtech.at\/product\/iqair-gc-acidpro-ne\/\",\"url\":\"https:\/\/www.cleanairtech.at\/product\/iqair-gc-acidpro-ne\/\",\"name\":\"IQAir GC AcidPro NE - CLEANAIRTECH\",\"isPartOf\":{\"@id\":\"https:\/\/www.cleanairtech.at\/#website\"},\"primaryImageOfPage\":{\"@id\":\"https:\/\/www.cleanairtech.at\/product\/iqair-gc-acidpro-ne\/#primaryimage\"},\"image\":{\"@id\":\"https:\/\/www.cleanairtech.at\/product\/iqair-gc-acidpro-ne\/#primaryimage\"},\"thumbnailUrl\":\"https:\/\/www.cleanairtech.at\/wp-content\/uploads\/2021\/08\/32.png\",\"datePublished\":\"2021-09-09T19:43:52+00:00\",\"dateModified\":\"2025-07-17T16:19:48+00:00\",\"description\":\"IQAir GC AcidPro NE ist einer der wenigen Luftreiniger, die f\u00fcr den Einsatz im Umfeld von Personen geeignet sind, die an MCS leiden.\",\"breadcrumb\":{\"@id\":\"https:\/\/www.cleanairtech.at\/product\/iqair-gc-acidpro-ne\/#breadcrumb\"},\"inLanguage\":\"en-US\",\"potentialAction\":[{\"@type\":\"ReadAction\",\"target\":[\"https:\/\/www.cleanairtech.at\/product\/iqair-gc-acidpro-ne\/\"]}]},{\"@type\":\"ImageObject\",\"inLanguage\":\"en-US\",\"@id\":\"https:\/\/www.cleanairtech.at\/product\/iqair-gc-acidpro-ne\/#primaryimage\",\"url\":\"https:\/\/www.cleanairtech.at\/wp-content\/uploads\/2021\/08\/32.png\",\"contentUrl\":\"https:\/\/www.cleanairtech.at\/wp-content\/uploads\/2021\/08\/32.png\",\"width\":494,\"height\":543},{\"@type\":\"BreadcrumbList\",\"@id\":\"https:\/\/www.cleanairtech.at\/product\/iqair-gc-acidpro-ne\/#breadcrumb\",\"itemListElement\":[{\"@type\":\"ListItem\",\"position\":1,\"name\":\"Startseite\",\"item\":\"https:\/\/www.cleanairtech.at\/\"},{\"@type\":\"ListItem\",\"position\":2,\"name\":\"Shop\",\"item\":\"http:\/\/www.cleanairtech.at\/en\/shop-2\/\"},{\"@type\":\"ListItem\",\"position\":3,\"name\":\"IQAir GC AcidPro NE\"}]},{\"@type\":\"WebSite\",\"@id\":\"https:\/\/www.cleanairtech.at\/#website\",\"url\":\"https:\/\/www.cleanairtech.at\/\",\"name\":\"Cleanairtech\",\"description\":\"Andreas Winter GmbH\",\"publisher\":{\"@id\":\"https:\/\/www.cleanairtech.at\/#organization\"},\"potentialAction\":[{\"@type\":\"SearchAction\",\"target\":{\"@type\":\"EntryPoint\",\"urlTemplate\":\"https:\/\/www.cleanairtech.at\/?s={search_term_string}\"},\"query-input\":{\"@type\":\"PropertyValueSpecification\",\"valueRequired\":true,\"valueName\":\"search_term_string\"}}],\"inLanguage\":\"en-US\"},{\"@type\":\"Organization\",\"@id\":\"https:\/\/www.cleanairtech.at\/#organization\",\"name\":\"Sytech\",\"url\":\"https:\/\/www.cleanairtech.at\/\",\"logo\":{\"@type\":\"ImageObject\",\"inLanguage\":\"en-US\",\"@id\":\"https:\/\/www.cleanairtech.at\/#\/schema\/logo\/image\/\",\"url\":\"http:\/\/www.cleanairtech.at\/wp-content\/uploads\/2021\/08\/Sytech_Logo.png\",\"contentUrl\":\"http:\/\/www.cleanairtech.at\/wp-content\/uploads\/2021\/08\/Sytech_Logo.png\",\"width\":285,\"height\":80,\"caption\":\"Sytech\"},\"image\":{\"@id\":\"https:\/\/www.cleanairtech.at\/#\/schema\/logo\/image\/\"}}]}<\/script>\n<!-- \/ Yoast SEO plugin. -->","yoast_head_json":{"title":"IQAir GC AcidPro NE - CLEANAIRTECH","description":"IQAir GC AcidPro NE ist einer der wenigen Luftreiniger, die f\u00fcr den Einsatz im Umfeld von Personen geeignet sind, die an MCS leiden.","robots":{"index":"index","follow":"follow","max-snippet":"max-snippet:-1","max-image-preview":"max-image-preview:large","max-video-preview":"max-video-preview:-1"},"canonical":"https:\/\/www.cleanairtech.at\/en\/product\/iqair-gc-acidpro-ne\/","og_locale":"en_US","og_type":"article","og_title":"IQAir GC AcidPro NE - CLEANAIRTECH","og_description":"IQAir GC AcidPro NE ist einer der wenigen Luftreiniger, die f\u00fcr den Einsatz im Umfeld von Personen geeignet sind, die an MCS leiden.","og_url":"https:\/\/www.cleanairtech.at\/en\/product\/iqair-gc-acidpro-ne\/","og_site_name":"CLEANAIRTECH","article_modified_time":"2025-07-17T16:19:48+00:00","og_image":[{"width":494,"height":543,"url":"https:\/\/www.cleanairtech.at\/wp-content\/uploads\/2021\/08\/32.png","type":"image\/png"}],"twitter_card":"summary_large_image","twitter_misc":{"Est. reading time":"2 minutes"},"schema":{"@context":"https:\/\/schema.org","@graph":[{"@type":"WebPage","@id":"https:\/\/www.cleanairtech.at\/product\/iqair-gc-acidpro-ne\/","url":"https:\/\/www.cleanairtech.at\/product\/iqair-gc-acidpro-ne\/","name":"IQAir GC AcidPro NE - CLEANAIRTECH","isPartOf":{"@id":"https:\/\/www.cleanairtech.at\/#website"},"primaryImageOfPage":{"@id":"https:\/\/www.cleanairtech.at\/product\/iqair-gc-acidpro-ne\/#primaryimage"},"image":{"@id":"https:\/\/www.cleanairtech.at\/product\/iqair-gc-acidpro-ne\/#primaryimage"},"thumbnailUrl":"https:\/\/www.cleanairtech.at\/wp-content\/uploads\/2021\/08\/32.png","datePublished":"2021-09-09T19:43:52+00:00","dateModified":"2025-07-17T16:19:48+00:00","description":"IQAir GC AcidPro NE ist einer der wenigen Luftreiniger, die f\u00fcr den Einsatz im Umfeld von Personen geeignet sind, die an MCS leiden.","breadcrumb":{"@id":"https:\/\/www.cleanairtech.at\/product\/iqair-gc-acidpro-ne\/#breadcrumb"},"inLanguage":"en-US","potentialAction":[{"@type":"ReadAction","target":["https:\/\/www.cleanairtech.at\/product\/iqair-gc-acidpro-ne\/"]}]},{"@type":"ImageObject","inLanguage":"en-US","@id":"https:\/\/www.cleanairtech.at\/product\/iqair-gc-acidpro-ne\/#primaryimage","url":"https:\/\/www.cleanairtech.at\/wp-content\/uploads\/2021\/08\/32.png","contentUrl":"https:\/\/www.cleanairtech.at\/wp-content\/uploads\/2021\/08\/32.png","width":494,"height":543},{"@type":"BreadcrumbList","@id":"https:\/\/www.cleanairtech.at\/product\/iqair-gc-acidpro-ne\/#breadcrumb","itemListElement":[{"@type":"ListItem","position":1,"name":"Startseite","item":"https:\/\/www.cleanairtech.at\/"},{"@type":"ListItem","position":2,"name":"Shop","item":"http:\/\/www.cleanairtech.at\/en\/shop-2\/"},{"@type":"ListItem","position":3,"name":"IQAir GC AcidPro NE"}]},{"@type":"WebSite","@id":"https:\/\/www.cleanairtech.at\/#website","url":"https:\/\/www.cleanairtech.at\/","name":"Cleanairtech","description":"Andreas Winter GmbH","publisher":{"@id":"https:\/\/www.cleanairtech.at\/#organization"},"potentialAction":[{"@type":"SearchAction","target":{"@type":"EntryPoint","urlTemplate":"https:\/\/www.cleanairtech.at\/?s={search_term_string}"},"query-input":{"@type":"PropertyValueSpecification","valueRequired":true,"valueName":"search_term_string"}}],"inLanguage":"en-US"},{"@type":"Organization","@id":"https:\/\/www.cleanairtech.at\/#organization","name":"Sytech","url":"https:\/\/www.cleanairtech.at\/","logo":{"@type":"ImageObject","inLanguage":"en-US","@id":"https:\/\/www.cleanairtech.at\/#\/schema\/logo\/image\/","url":"http:\/\/www.cleanairtech.at\/wp-content\/uploads\/2021\/08\/Sytech_Logo.png","contentUrl":"http:\/\/www.cleanairtech.at\/wp-content\/uploads\/2021\/08\/Sytech_Logo.png","width":285,"height":80,"caption":"Sytech"},"image":{"@id":"https:\/\/www.cleanairtech.at\/#\/schema\/logo\/image\/"}}]}},"_links":{"self":[{"href":"https:\/\/www.cleanairtech.at\/en\/wp-json\/wp\/v2\/product\/1021","targetHints":{"allow":["GET"]}}],"collection":[{"href":"https:\/\/www.cleanairtech.at\/en\/wp-json\/wp\/v2\/product"}],"about":[{"href":"https:\/\/www.cleanairtech.at\/en\/wp-json\/wp\/v2\/types\/product"}],"replies":[{"embeddable":true,"href":"https:\/\/www.cleanairtech.at\/en\/wp-json\/wp\/v2\/comments?post=1021"}],"wp:featuredmedia":[{"embeddable":true,"href":"https:\/\/www.cleanairtech.at\/en\/wp-json\/wp\/v2\/media\/941"}],"wp:attachment":[{"href":"https:\/\/www.cleanairtech.at\/en\/wp-json\/wp\/v2\/media?parent=1021"}],"wp:term":[{"taxonomy":"product_brand","embeddable":true,"href":"https:\/\/www.cleanairtech.at\/en\/wp-json\/wp\/v2\/product_brand?post=1021"},{"taxonomy":"product_cat","embeddable":true,"href":"https:\/\/www.cleanairtech.at\/en\/wp-json\/wp\/v2\/product_cat?post=1021"},{"taxonomy":"product_tag","embeddable":true,"href":"https:\/\/www.cleanairtech.at\/en\/wp-json\/wp\/v2\/product_tag?post=1021"}],"curies":[{"name":"wp","href":"https:\/\/api.w.org\/{rel}","templated":true}]}}