{"id":566,"date":"2021-06-30T17:21:06","date_gmt":"2021-06-30T15:21:06","guid":{"rendered":"http:\/\/localhost\/wordpress\/?post_type=product&#038;p=566"},"modified":"2025-07-17T18:18:20","modified_gmt":"2025-07-17T16:18:20","slug":"lqair-healthpro-150-ne","status":"publish","type":"product","link":"https:\/\/www.cleanairtech.at\/en\/product\/lqair-healthpro-150-ne\/","title":{"rendered":"lQAir HealthPro 150 NE"},"content":{"rendered":"<h3><strong>IQAir\u00ae HealthPro\u00ae 150<\/strong> \u2013 Der Allergie &amp; Asthma Spezialist<\/h3>\n<p>IQAir\u00ae Systeme werden weltweit von f\u00fchrenden Forschungseinrichtungen, Krankenh\u00e4usern<br \/>\nund Industrieunternehmen als Luftreinigungsl\u00f6sung f\u00fcr kritische Bereiche eingesetzt. Der<br \/>\nIQAir\u00ae HealthPro\u00ae 150 bietet in kompakter Form die gleiche hervorragende Technologie zur<br \/>\nReduktion von Allergenen, Pathogenen, Chemikalien und Ger\u00fcchen f\u00fcr Wohn- und<br \/>\nB\u00fcrobereiche.<\/p>\n<h4><strong>Leistungsstark<\/strong><\/h4>\n<h4><strong>1. Weltweit der erste Luftreiniger f\u00fcr Wohnbereiche, dessen HEPA-Filter gem\u00e4ss EN1822 klassifiziert ist.<\/strong><\/h4>\n<p>EN1822 ist der strengste Test f\u00fcr HEPA Filter f\u00fcr den Einsatz in Krankenh\u00e4usern und Reinr\u00e4umen.<\/p>\n<h4><strong>2. Individuell getestet und zertifiziert.<\/strong><\/h4>\n<p>Jedes IQAir\u00ae HealthPro\u00ae 150 erh\u00e4lt ein handschriftliches Zertifikat mit den tats\u00e4chlichen Testergebnissen des<br \/>\nSystems f\u00fcr Filtrationseffizienz und Luftf\u00f6rdermenge.<\/p>\n<h4><strong>3. Verwendet nur effektive und anerkannte Filtertechnologien (absolut keine Ozon-Absonderung).<\/strong><\/h4>\n<p>\u2022 PreMax\u2122 MG \u2013 Dieser Filter kombiniert den Vorfilter mit einem Gas- und Geruchsfilter. Der Filter besitzt eine<br \/>\nVorfilterfl\u00e4che von 1,9 m2 (Klasse F8) und enth\u00e4lt 1,0 kg granuliertes MultiGas\u2122Media f\u00fcr die effektive Filtration<br \/>\neines weiten Spektrum von Chemikalien und Gasen.<br \/>\n\u2022 HyperHEPA\u00ae \u2013 Filter besitzt eine Filterfl\u00e4che von 5,0 m2 HEPA-Filtermedium der Reinraumklasse H12\/13.<\/p>\n<h4><strong>4. Filtrations-Effizienz von \u226599,97% bei 0,3 Mikron und \u2265 99,5% selbst f\u00fcr kleinste Partikel (z.B. Viren).<\/strong><\/h4>\n<h4><strong>Langfristige und \u00fcberlegene Leistung bei niedrigen Betriebskosten<\/strong><\/h4>\n<p>1. Extra lange Filterstandzeit dank hoher Filterkapazit\u00e4t.<br \/>\n2. Niedrigere Betriebskosten aufgrund l\u00e4ngerer Filterstandzeiten.<br \/>\n3. Niedrigerer Energieverbrauch aufgrund einer speziellen Elektroschaltung.<\/p>\n<h4><strong>Fortschrittlichste Ausstattung<\/strong><\/h4>\n<p>1. Automatische Zeitschaltuhr erm\u00f6glicht individuelle Einstellung (z.B. nur nachts oder w\u00e4hrend B\u00fcrozeiten).<br \/>\n2. Eine intelligente Filter\u00fcberwachung kalkuliert die Filterstandzeit unter Ber\u00fccksichtigung der tats\u00e4chlichen Betriebszeit,<br \/>\nVentilatorstufe und voreingestellter Luftbelastung.<br \/>\n3. LED-Anzeige am Bedienelement zeigt an, wann welcher Filter ersetzt werden muss.<br \/>\n4. Auswahl zwischen 5 Ventilatorstufen mit einer maximalen Luftf\u00f6rdermenge von 340 m3\/Stunde (mit Filtern).<br \/>\n5. Fernbedienung und Transportrollen Mobility Pro im Lieferumfang inbegriffen.<\/p>\n<h4><strong>Hervorragende Qualit\u00e4t<\/strong><\/h4>\n<p>1. 3 Jahre Garantie (bei industrieller\/professioneller Anwendung ist die Garantie auf ein (1) Jahr beschr\u00e4nkt)<br \/>\n2. Stabiles ABS-Geh\u00e4use (geruchsfrei)<br \/>\n3. Starker, f\u00fcr Dauerbetrieb zertifizierter Ventilator \u2013 Freiflussrate: 1200 m3\/Stunde.<br \/>\n4. Patentiertes Geh\u00e4use-Design<br \/>\n5. Patentiertes Filter-Design<br \/>\n6. 100% Schweizer Herstellung<\/p>\n<h4><strong>Einzigartige Anpassungsm\u00f6glichkeiten<\/strong><\/h4>\n<p>Eine grosse Auswahl an IQAir\u00ae-Zubeh\u00f6r erm\u00f6glicht die Anpassung des IQAir\u00ae HealthPro\u00ae 150 an individuelle Bed\u00fcrfnisse:<br \/>\nWandhalterung (VMF), Luftleitungs-Adapter zur Herstellung von positivem\/negativem Druck (InFlow\u2122 W125,<br \/>\nVM InFlow\u2122, OutFlow\u2122), Grobstaubfilter (PF40).<\/p>","protected":false},"excerpt":{"rendered":"<h3>Der Allergie &amp; Asthma Spezialist<\/h3>\n<p>bietet in kompakter Form hervorragende Technologie zur Reduktion von Allergenen, Pathogenen, Chemikalien und Ger\u00fcchen f\u00fcr Wohn- und B\u00fcrobereiche.<\/p>\n<p><strong>Zus\u00e4tzlich zum IQAir HealthPro 100 NE<\/strong>\u00a0hat er noch einen Kombinations-Vorfilter: f\u00fcr Feinstaub-, Gas- und Geruchsfiltration.<\/p>\n<p><strong>Filtrationsspektrum:<\/strong>\u00a0Allergene, Staub, Pollen, Schimmelpilzsporen, Haustierallergene, Rauchpartikel und andere Schwebstoffe sowie ein breites Spektrum gasf\u00f6rmiger Schadstoffe und Ger\u00fcche.<\/p>","protected":false},"featured_media":576,"comment_status":"open","ping_status":"closed","template":"","meta":[],"product_brand":[],"product_cat":[27],"product_tag":[],"class_list":{"0":"post-566","1":"product","2":"type-product","3":"status-publish","4":"has-post-thumbnail","6":"product_cat-luftreiniger","8":"first","9":"instock","10":"taxable","11":"shipping-taxable","12":"purchasable","13":"product-type-simple"},"yoast_head":"<!-- This site is optimized with the Yoast SEO plugin v27.2 - https:\/\/yoast.com\/product\/yoast-seo-wordpress\/ -->\n<title>lQAir HealthPro 150 NE - CLEANAIRTECH<\/title>\n<meta name=\"robots\" content=\"index, follow, max-snippet:-1, max-image-preview:large, max-video-preview:-1\" \/>\n<link rel=\"canonical\" href=\"https:\/\/www.cleanairtech.at\/en\/product\/lqair-healthpro-150-ne\/\" \/>\n<meta property=\"og:locale\" content=\"en_US\" \/>\n<meta property=\"og:type\" content=\"article\" \/>\n<meta property=\"og:title\" content=\"lQAir HealthPro 150 NE - CLEANAIRTECH\" \/>\n<meta property=\"og:description\" content=\"Der Allergie &amp; Asthma Spezialist bietet in kompakter Form hervorragende Technologie zur Reduktion von Allergenen, Pathogenen, Chemikalien und Ger\u00fcchen f\u00fcr Wohn- und B\u00fcrobereiche.  Zus\u00e4tzlich zum IQAir HealthPro 100 NE\u00a0hat er noch einen Kombinations-Vorfilter: f\u00fcr Feinstaub-, Gas- und Geruchsfiltration.  Filtrationsspektrum:\u00a0Allergene, Staub, Pollen, Schimmelpilzsporen, Haustierallergene, Rauchpartikel und andere Schwebstoffe sowie ein breites Spektrum gasf\u00f6rmiger Schadstoffe und Ger\u00fcche.\" \/>\n<meta property=\"og:url\" content=\"https:\/\/www.cleanairtech.at\/en\/product\/lqair-healthpro-150-ne\/\" \/>\n<meta property=\"og:site_name\" content=\"CLEANAIRTECH\" \/>\n<meta property=\"article:modified_time\" content=\"2025-07-17T16:18:20+00:00\" \/>\n<meta property=\"og:image\" content=\"https:\/\/www.cleanairtech.at\/wp-content\/uploads\/2021\/06\/IQ-HP150-Key-F-DS-130320_web_wm-1.png\" \/>\n\t<meta property=\"og:image:width\" content=\"886\" \/>\n\t<meta property=\"og:image:height\" content=\"998\" \/>\n\t<meta property=\"og:image:type\" content=\"image\/png\" \/>\n<meta name=\"twitter:card\" content=\"summary_large_image\" \/>\n<meta name=\"twitter:label1\" content=\"Est. reading time\" \/>\n\t<meta name=\"twitter:data1\" content=\"2 minutes\" \/>\n<script type=\"application\/ld+json\" class=\"yoast-schema-graph\">{\"@context\":\"https:\/\/schema.org\",\"@graph\":[{\"@type\":\"WebPage\",\"@id\":\"https:\/\/www.cleanairtech.at\/product\/lqair-healthpro-150-ne\/\",\"url\":\"https:\/\/www.cleanairtech.at\/product\/lqair-healthpro-150-ne\/\",\"name\":\"lQAir HealthPro 150 NE - CLEANAIRTECH\",\"isPartOf\":{\"@id\":\"https:\/\/www.cleanairtech.at\/#website\"},\"primaryImageOfPage\":{\"@id\":\"https:\/\/www.cleanairtech.at\/product\/lqair-healthpro-150-ne\/#primaryimage\"},\"image\":{\"@id\":\"https:\/\/www.cleanairtech.at\/product\/lqair-healthpro-150-ne\/#primaryimage\"},\"thumbnailUrl\":\"https:\/\/www.cleanairtech.at\/wp-content\/uploads\/2021\/06\/IQ-HP150-Key-F-DS-130320_web_wm-1.png\",\"datePublished\":\"2021-06-30T15:21:06+00:00\",\"dateModified\":\"2025-07-17T16:18:20+00:00\",\"breadcrumb\":{\"@id\":\"https:\/\/www.cleanairtech.at\/product\/lqair-healthpro-150-ne\/#breadcrumb\"},\"inLanguage\":\"en-US\",\"potentialAction\":[{\"@type\":\"ReadAction\",\"target\":[\"https:\/\/www.cleanairtech.at\/product\/lqair-healthpro-150-ne\/\"]}]},{\"@type\":\"ImageObject\",\"inLanguage\":\"en-US\",\"@id\":\"https:\/\/www.cleanairtech.at\/product\/lqair-healthpro-150-ne\/#primaryimage\",\"url\":\"https:\/\/www.cleanairtech.at\/wp-content\/uploads\/2021\/06\/IQ-HP150-Key-F-DS-130320_web_wm-1.png\",\"contentUrl\":\"https:\/\/www.cleanairtech.at\/wp-content\/uploads\/2021\/06\/IQ-HP150-Key-F-DS-130320_web_wm-1.png\",\"width\":886,\"height\":998},{\"@type\":\"BreadcrumbList\",\"@id\":\"https:\/\/www.cleanairtech.at\/product\/lqair-healthpro-150-ne\/#breadcrumb\",\"itemListElement\":[{\"@type\":\"ListItem\",\"position\":1,\"name\":\"Startseite\",\"item\":\"https:\/\/www.cleanairtech.at\/\"},{\"@type\":\"ListItem\",\"position\":2,\"name\":\"Shop\",\"item\":\"http:\/\/www.cleanairtech.at\/en\/shop-2\/\"},{\"@type\":\"ListItem\",\"position\":3,\"name\":\"lQAir HealthPro 150 NE\"}]},{\"@type\":\"WebSite\",\"@id\":\"https:\/\/www.cleanairtech.at\/#website\",\"url\":\"https:\/\/www.cleanairtech.at\/\",\"name\":\"Cleanairtech\",\"description\":\"Andreas Winter GmbH\",\"publisher\":{\"@id\":\"https:\/\/www.cleanairtech.at\/#organization\"},\"potentialAction\":[{\"@type\":\"SearchAction\",\"target\":{\"@type\":\"EntryPoint\",\"urlTemplate\":\"https:\/\/www.cleanairtech.at\/?s={search_term_string}\"},\"query-input\":{\"@type\":\"PropertyValueSpecification\",\"valueRequired\":true,\"valueName\":\"search_term_string\"}}],\"inLanguage\":\"en-US\"},{\"@type\":\"Organization\",\"@id\":\"https:\/\/www.cleanairtech.at\/#organization\",\"name\":\"Sytech\",\"url\":\"https:\/\/www.cleanairtech.at\/\",\"logo\":{\"@type\":\"ImageObject\",\"inLanguage\":\"en-US\",\"@id\":\"https:\/\/www.cleanairtech.at\/#\/schema\/logo\/image\/\",\"url\":\"http:\/\/www.cleanairtech.at\/wp-content\/uploads\/2021\/08\/Sytech_Logo.png\",\"contentUrl\":\"http:\/\/www.cleanairtech.at\/wp-content\/uploads\/2021\/08\/Sytech_Logo.png\",\"width\":285,\"height\":80,\"caption\":\"Sytech\"},\"image\":{\"@id\":\"https:\/\/www.cleanairtech.at\/#\/schema\/logo\/image\/\"}}]}<\/script>\n<!-- \/ Yoast SEO plugin. -->","yoast_head_json":{"title":"lQAir HealthPro 150 NE - CLEANAIRTECH","robots":{"index":"index","follow":"follow","max-snippet":"max-snippet:-1","max-image-preview":"max-image-preview:large","max-video-preview":"max-video-preview:-1"},"canonical":"https:\/\/www.cleanairtech.at\/en\/product\/lqair-healthpro-150-ne\/","og_locale":"en_US","og_type":"article","og_title":"lQAir HealthPro 150 NE - CLEANAIRTECH","og_description":"Der Allergie &amp; Asthma Spezialist bietet in kompakter Form hervorragende Technologie zur Reduktion von Allergenen, Pathogenen, Chemikalien und Ger\u00fcchen f\u00fcr Wohn- und B\u00fcrobereiche.  Zus\u00e4tzlich zum IQAir HealthPro 100 NE\u00a0hat er noch einen Kombinations-Vorfilter: f\u00fcr Feinstaub-, Gas- und Geruchsfiltration.  Filtrationsspektrum:\u00a0Allergene, Staub, Pollen, Schimmelpilzsporen, Haustierallergene, Rauchpartikel und andere Schwebstoffe sowie ein breites Spektrum gasf\u00f6rmiger Schadstoffe und Ger\u00fcche.","og_url":"https:\/\/www.cleanairtech.at\/en\/product\/lqair-healthpro-150-ne\/","og_site_name":"CLEANAIRTECH","article_modified_time":"2025-07-17T16:18:20+00:00","og_image":[{"width":886,"height":998,"url":"https:\/\/www.cleanairtech.at\/wp-content\/uploads\/2021\/06\/IQ-HP150-Key-F-DS-130320_web_wm-1.png","type":"image\/png"}],"twitter_card":"summary_large_image","twitter_misc":{"Est. reading time":"2 minutes"},"schema":{"@context":"https:\/\/schema.org","@graph":[{"@type":"WebPage","@id":"https:\/\/www.cleanairtech.at\/product\/lqair-healthpro-150-ne\/","url":"https:\/\/www.cleanairtech.at\/product\/lqair-healthpro-150-ne\/","name":"lQAir HealthPro 150 NE - CLEANAIRTECH","isPartOf":{"@id":"https:\/\/www.cleanairtech.at\/#website"},"primaryImageOfPage":{"@id":"https:\/\/www.cleanairtech.at\/product\/lqair-healthpro-150-ne\/#primaryimage"},"image":{"@id":"https:\/\/www.cleanairtech.at\/product\/lqair-healthpro-150-ne\/#primaryimage"},"thumbnailUrl":"https:\/\/www.cleanairtech.at\/wp-content\/uploads\/2021\/06\/IQ-HP150-Key-F-DS-130320_web_wm-1.png","datePublished":"2021-06-30T15:21:06+00:00","dateModified":"2025-07-17T16:18:20+00:00","breadcrumb":{"@id":"https:\/\/www.cleanairtech.at\/product\/lqair-healthpro-150-ne\/#breadcrumb"},"inLanguage":"en-US","potentialAction":[{"@type":"ReadAction","target":["https:\/\/www.cleanairtech.at\/product\/lqair-healthpro-150-ne\/"]}]},{"@type":"ImageObject","inLanguage":"en-US","@id":"https:\/\/www.cleanairtech.at\/product\/lqair-healthpro-150-ne\/#primaryimage","url":"https:\/\/www.cleanairtech.at\/wp-content\/uploads\/2021\/06\/IQ-HP150-Key-F-DS-130320_web_wm-1.png","contentUrl":"https:\/\/www.cleanairtech.at\/wp-content\/uploads\/2021\/06\/IQ-HP150-Key-F-DS-130320_web_wm-1.png","width":886,"height":998},{"@type":"BreadcrumbList","@id":"https:\/\/www.cleanairtech.at\/product\/lqair-healthpro-150-ne\/#breadcrumb","itemListElement":[{"@type":"ListItem","position":1,"name":"Startseite","item":"https:\/\/www.cleanairtech.at\/"},{"@type":"ListItem","position":2,"name":"Shop","item":"http:\/\/www.cleanairtech.at\/en\/shop-2\/"},{"@type":"ListItem","position":3,"name":"lQAir HealthPro 150 NE"}]},{"@type":"WebSite","@id":"https:\/\/www.cleanairtech.at\/#website","url":"https:\/\/www.cleanairtech.at\/","name":"Cleanairtech","description":"Andreas Winter GmbH","publisher":{"@id":"https:\/\/www.cleanairtech.at\/#organization"},"potentialAction":[{"@type":"SearchAction","target":{"@type":"EntryPoint","urlTemplate":"https:\/\/www.cleanairtech.at\/?s={search_term_string}"},"query-input":{"@type":"PropertyValueSpecification","valueRequired":true,"valueName":"search_term_string"}}],"inLanguage":"en-US"},{"@type":"Organization","@id":"https:\/\/www.cleanairtech.at\/#organization","name":"Sytech","url":"https:\/\/www.cleanairtech.at\/","logo":{"@type":"ImageObject","inLanguage":"en-US","@id":"https:\/\/www.cleanairtech.at\/#\/schema\/logo\/image\/","url":"http:\/\/www.cleanairtech.at\/wp-content\/uploads\/2021\/08\/Sytech_Logo.png","contentUrl":"http:\/\/www.cleanairtech.at\/wp-content\/uploads\/2021\/08\/Sytech_Logo.png","width":285,"height":80,"caption":"Sytech"},"image":{"@id":"https:\/\/www.cleanairtech.at\/#\/schema\/logo\/image\/"}}]}},"_links":{"self":[{"href":"https:\/\/www.cleanairtech.at\/en\/wp-json\/wp\/v2\/product\/566","targetHints":{"allow":["GET"]}}],"collection":[{"href":"https:\/\/www.cleanairtech.at\/en\/wp-json\/wp\/v2\/product"}],"about":[{"href":"https:\/\/www.cleanairtech.at\/en\/wp-json\/wp\/v2\/types\/product"}],"replies":[{"embeddable":true,"href":"https:\/\/www.cleanairtech.at\/en\/wp-json\/wp\/v2\/comments?post=566"}],"wp:featuredmedia":[{"embeddable":true,"href":"https:\/\/www.cleanairtech.at\/en\/wp-json\/wp\/v2\/media\/576"}],"wp:attachment":[{"href":"https:\/\/www.cleanairtech.at\/en\/wp-json\/wp\/v2\/media?parent=566"}],"wp:term":[{"taxonomy":"product_brand","embeddable":true,"href":"https:\/\/www.cleanairtech.at\/en\/wp-json\/wp\/v2\/product_brand?post=566"},{"taxonomy":"product_cat","embeddable":true,"href":"https:\/\/www.cleanairtech.at\/en\/wp-json\/wp\/v2\/product_cat?post=566"},{"taxonomy":"product_tag","embeddable":true,"href":"https:\/\/www.cleanairtech.at\/en\/wp-json\/wp\/v2\/product_tag?post=566"}],"curies":[{"name":"wp","href":"https:\/\/api.w.org\/{rel}","templated":true}]}}