{"id":595,"date":"2021-06-30T18:07:30","date_gmt":"2021-06-30T16:07:30","guid":{"rendered":"http:\/\/localhost\/wordpress\/?post_type=product&#038;p=595"},"modified":"2025-07-17T18:18:20","modified_gmt":"2025-07-17T16:18:20","slug":"hyper-hepa-filter-h12-h13l-hp150-kopie","status":"publish","type":"product","link":"https:\/\/www.cleanairtech.at\/en\/product\/hyper-hepa-filter-h12-h13l-hp150-kopie\/","title":{"rendered":"PreMax\u00ae Filter F8 (S) HP100\/HP250"},"content":{"rendered":"<div class=\"content--title\">&#8222;IQAir Ersatzfilter PreMax F8 (S) (100-250)&#8220;<\/div>\n<div class=\"product--description\">\n<h2>PreMax\u00ae Filter F8 (S)<\/h2>\n<p><strong>Feinstaub Vorfilter Klasse F8<\/strong><\/p>\n<p>Entfernt Grob- und Feinstaubpartikel, Schutz f\u00fcr nachfolgende Filter<br \/>\nEffizienz: &gt; 55% Partikel 0,3 \u00b5m<br \/>\nOberfl\u00e4che: ca. 2,8 m\u00b2<br \/>\n<span id=\"Feinstaubfilter_.28Partikel_1_bis_10.C2.B5m.29\">Feinstaubfilter (Partikel 1 bis 10\u00b5m)<\/span><\/p>\n<p>Medium: Glasfaser-Vlies, mikro-plissiert f\u00fcr hohes Aufnahmeverm\u00f6gen.<\/p>\n<p>Passt in die IQAir Luftreiniger Allergen 100, HealthPro 100 NE und HealthPro 250 NE.<\/p>\n<p><strong><br \/>\nPreMax Vorfilter<\/strong><br \/>\nDer Premax F8 Vorfilter hat eine Filterstandzeit von 12-18 Monaten.<\/p>\n<p><strong>Entsorgung von gebrauchten Filtern:<\/strong><br \/>\nGebrauchte Filter k\u00f6nnen in der Regel mit dem Hausm\u00fcll entsorgt werden. Wenn damit sch\u00e4dliche Substanzen gefiltert wurden, m\u00fcssen die Filter eventuell als Sonderm\u00fcll entsorgt werden. Bitte erkundigen Sie sich nach \u00f6rtlichen Vorschriften und Gesetzen.<\/p>\n<\/div>\n<table class=\"product--properties-table\">\n<tbody>\n<tr class=\"product--properties-row\">\n<td class=\"product--properties-label is--bold\">Marke:<\/td>\n<td class=\"product--properties-value\">IQAir<\/td>\n<\/tr>\n<tr class=\"product--properties-row\">\n<td class=\"product--properties-label is--bold\">Luftreiniger-Modell:<\/td>\n<td class=\"product--properties-value\">IQAir HealthPro \/ Allergen 100, IQAir HealthPro 100 NE, IQAir HealthPro 250, IQAir HealthPro 250 NE<\/td>\n<\/tr>\n<tr class=\"product--properties-row\">\n<td class=\"product--properties-label is--bold\">Hersteller \/ Marke:<\/td>\n<td class=\"product--properties-value\">IQAir<\/td>\n<\/tr>\n<\/tbody>\n<\/table>","protected":false},"excerpt":{"rendered":"<p>Type: Kombinations-Vorfilterf\u00fcr Feinstaub-, Gas- u. Geruchsfiltration Effizienz: \u2265 55% @ \u2265 0.3 \u03bcm; Klasse: F8MG (S) Oberfl\u00e4che \/ Gewicht: ca.<\/p>","protected":false},"featured_media":1337,"comment_status":"open","ping_status":"closed","template":"","meta":[],"product_brand":[],"product_cat":[42],"product_tag":[],"class_list":{"0":"post-595","1":"product","2":"type-product","3":"status-publish","4":"has-post-thumbnail","6":"product_cat-ersatzfilter","8":"first","9":"instock","10":"taxable","11":"shipping-taxable","12":"purchasable","13":"product-type-simple"},"yoast_head":"<!-- This site is optimized with the Yoast SEO plugin v27.2 - https:\/\/yoast.com\/product\/yoast-seo-wordpress\/ -->\n<title>PreMax\u00ae Filter F8 (S) HP100\/HP250 - CLEANAIRTECH<\/title>\n<meta name=\"robots\" content=\"index, follow, max-snippet:-1, max-image-preview:large, max-video-preview:-1\" \/>\n<link rel=\"canonical\" href=\"https:\/\/www.cleanairtech.at\/en\/product\/hyper-hepa-filter-h12-h13l-hp150-kopie\/\" \/>\n<meta property=\"og:locale\" content=\"en_US\" \/>\n<meta property=\"og:type\" content=\"article\" \/>\n<meta property=\"og:title\" content=\"PreMax\u00ae Filter F8 (S) HP100\/HP250 - CLEANAIRTECH\" \/>\n<meta property=\"og:description\" content=\"Type: Kombinations-Vorfilterf\u00fcr Feinstaub-, Gas- u. Geruchsfiltration Effizienz: \u2265 55% @ \u2265 0.3 \u03bcm; Klasse: F8MG (S) Oberfl\u00e4che \/ Gewicht: ca.\" \/>\n<meta property=\"og:url\" content=\"https:\/\/www.cleanairtech.at\/en\/product\/hyper-hepa-filter-h12-h13l-hp150-kopie\/\" \/>\n<meta property=\"og:site_name\" content=\"CLEANAIRTECH\" \/>\n<meta property=\"article:modified_time\" content=\"2025-07-17T16:18:20+00:00\" \/>\n<meta property=\"og:image\" content=\"https:\/\/www.cleanairtech.at\/wp-content\/uploads\/2021\/06\/IQAir-Pemaxfiler-f8s-3296-LuftreinigerwI2tgm8NbxZAJ.jpg\" \/>\n\t<meta property=\"og:image:width\" content=\"800\" \/>\n\t<meta property=\"og:image:height\" content=\"800\" \/>\n\t<meta property=\"og:image:type\" content=\"image\/jpeg\" \/>\n<meta name=\"twitter:card\" content=\"summary_large_image\" \/>\n<meta name=\"twitter:label1\" content=\"Est. reading time\" \/>\n\t<meta name=\"twitter:data1\" content=\"1 minute\" \/>\n<script type=\"application\/ld+json\" class=\"yoast-schema-graph\">{\"@context\":\"https:\/\/schema.org\",\"@graph\":[{\"@type\":\"WebPage\",\"@id\":\"https:\/\/www.cleanairtech.at\/product\/hyper-hepa-filter-h12-h13l-hp150-kopie\/\",\"url\":\"https:\/\/www.cleanairtech.at\/product\/hyper-hepa-filter-h12-h13l-hp150-kopie\/\",\"name\":\"PreMax\u00ae Filter F8 (S) HP100\/HP250 - CLEANAIRTECH\",\"isPartOf\":{\"@id\":\"https:\/\/www.cleanairtech.at\/#website\"},\"primaryImageOfPage\":{\"@id\":\"https:\/\/www.cleanairtech.at\/product\/hyper-hepa-filter-h12-h13l-hp150-kopie\/#primaryimage\"},\"image\":{\"@id\":\"https:\/\/www.cleanairtech.at\/product\/hyper-hepa-filter-h12-h13l-hp150-kopie\/#primaryimage\"},\"thumbnailUrl\":\"https:\/\/www.cleanairtech.at\/wp-content\/uploads\/2021\/06\/IQAir-Pemaxfiler-f8s-3296-LuftreinigerwI2tgm8NbxZAJ.jpg\",\"datePublished\":\"2021-06-30T16:07:30+00:00\",\"dateModified\":\"2025-07-17T16:18:20+00:00\",\"breadcrumb\":{\"@id\":\"https:\/\/www.cleanairtech.at\/product\/hyper-hepa-filter-h12-h13l-hp150-kopie\/#breadcrumb\"},\"inLanguage\":\"en-US\",\"potentialAction\":[{\"@type\":\"ReadAction\",\"target\":[\"https:\/\/www.cleanairtech.at\/product\/hyper-hepa-filter-h12-h13l-hp150-kopie\/\"]}]},{\"@type\":\"ImageObject\",\"inLanguage\":\"en-US\",\"@id\":\"https:\/\/www.cleanairtech.at\/product\/hyper-hepa-filter-h12-h13l-hp150-kopie\/#primaryimage\",\"url\":\"https:\/\/www.cleanairtech.at\/wp-content\/uploads\/2021\/06\/IQAir-Pemaxfiler-f8s-3296-LuftreinigerwI2tgm8NbxZAJ.jpg\",\"contentUrl\":\"https:\/\/www.cleanairtech.at\/wp-content\/uploads\/2021\/06\/IQAir-Pemaxfiler-f8s-3296-LuftreinigerwI2tgm8NbxZAJ.jpg\",\"width\":800,\"height\":800},{\"@type\":\"BreadcrumbList\",\"@id\":\"https:\/\/www.cleanairtech.at\/product\/hyper-hepa-filter-h12-h13l-hp150-kopie\/#breadcrumb\",\"itemListElement\":[{\"@type\":\"ListItem\",\"position\":1,\"name\":\"Startseite\",\"item\":\"https:\/\/www.cleanairtech.at\/\"},{\"@type\":\"ListItem\",\"position\":2,\"name\":\"Shop\",\"item\":\"http:\/\/www.cleanairtech.at\/en\/shop-2\/\"},{\"@type\":\"ListItem\",\"position\":3,\"name\":\"PreMax\u00ae Filter F8 (S) HP100\/HP250\"}]},{\"@type\":\"WebSite\",\"@id\":\"https:\/\/www.cleanairtech.at\/#website\",\"url\":\"https:\/\/www.cleanairtech.at\/\",\"name\":\"Cleanairtech\",\"description\":\"Andreas Winter GmbH\",\"publisher\":{\"@id\":\"https:\/\/www.cleanairtech.at\/#organization\"},\"potentialAction\":[{\"@type\":\"SearchAction\",\"target\":{\"@type\":\"EntryPoint\",\"urlTemplate\":\"https:\/\/www.cleanairtech.at\/?s={search_term_string}\"},\"query-input\":{\"@type\":\"PropertyValueSpecification\",\"valueRequired\":true,\"valueName\":\"search_term_string\"}}],\"inLanguage\":\"en-US\"},{\"@type\":\"Organization\",\"@id\":\"https:\/\/www.cleanairtech.at\/#organization\",\"name\":\"Sytech\",\"url\":\"https:\/\/www.cleanairtech.at\/\",\"logo\":{\"@type\":\"ImageObject\",\"inLanguage\":\"en-US\",\"@id\":\"https:\/\/www.cleanairtech.at\/#\/schema\/logo\/image\/\",\"url\":\"http:\/\/www.cleanairtech.at\/wp-content\/uploads\/2021\/08\/Sytech_Logo.png\",\"contentUrl\":\"http:\/\/www.cleanairtech.at\/wp-content\/uploads\/2021\/08\/Sytech_Logo.png\",\"width\":285,\"height\":80,\"caption\":\"Sytech\"},\"image\":{\"@id\":\"https:\/\/www.cleanairtech.at\/#\/schema\/logo\/image\/\"}}]}<\/script>\n<!-- \/ Yoast SEO plugin. -->","yoast_head_json":{"title":"PreMax\u00ae Filter F8 (S) HP100\/HP250 - CLEANAIRTECH","robots":{"index":"index","follow":"follow","max-snippet":"max-snippet:-1","max-image-preview":"max-image-preview:large","max-video-preview":"max-video-preview:-1"},"canonical":"https:\/\/www.cleanairtech.at\/en\/product\/hyper-hepa-filter-h12-h13l-hp150-kopie\/","og_locale":"en_US","og_type":"article","og_title":"PreMax\u00ae Filter F8 (S) HP100\/HP250 - CLEANAIRTECH","og_description":"Type: Kombinations-Vorfilterf\u00fcr Feinstaub-, Gas- u. Geruchsfiltration Effizienz: \u2265 55% @ \u2265 0.3 \u03bcm; Klasse: F8MG (S) Oberfl\u00e4che \/ Gewicht: ca.","og_url":"https:\/\/www.cleanairtech.at\/en\/product\/hyper-hepa-filter-h12-h13l-hp150-kopie\/","og_site_name":"CLEANAIRTECH","article_modified_time":"2025-07-17T16:18:20+00:00","og_image":[{"width":800,"height":800,"url":"https:\/\/www.cleanairtech.at\/wp-content\/uploads\/2021\/06\/IQAir-Pemaxfiler-f8s-3296-LuftreinigerwI2tgm8NbxZAJ.jpg","type":"image\/jpeg"}],"twitter_card":"summary_large_image","twitter_misc":{"Est. reading time":"1 minute"},"schema":{"@context":"https:\/\/schema.org","@graph":[{"@type":"WebPage","@id":"https:\/\/www.cleanairtech.at\/product\/hyper-hepa-filter-h12-h13l-hp150-kopie\/","url":"https:\/\/www.cleanairtech.at\/product\/hyper-hepa-filter-h12-h13l-hp150-kopie\/","name":"PreMax\u00ae Filter F8 (S) HP100\/HP250 - CLEANAIRTECH","isPartOf":{"@id":"https:\/\/www.cleanairtech.at\/#website"},"primaryImageOfPage":{"@id":"https:\/\/www.cleanairtech.at\/product\/hyper-hepa-filter-h12-h13l-hp150-kopie\/#primaryimage"},"image":{"@id":"https:\/\/www.cleanairtech.at\/product\/hyper-hepa-filter-h12-h13l-hp150-kopie\/#primaryimage"},"thumbnailUrl":"https:\/\/www.cleanairtech.at\/wp-content\/uploads\/2021\/06\/IQAir-Pemaxfiler-f8s-3296-LuftreinigerwI2tgm8NbxZAJ.jpg","datePublished":"2021-06-30T16:07:30+00:00","dateModified":"2025-07-17T16:18:20+00:00","breadcrumb":{"@id":"https:\/\/www.cleanairtech.at\/product\/hyper-hepa-filter-h12-h13l-hp150-kopie\/#breadcrumb"},"inLanguage":"en-US","potentialAction":[{"@type":"ReadAction","target":["https:\/\/www.cleanairtech.at\/product\/hyper-hepa-filter-h12-h13l-hp150-kopie\/"]}]},{"@type":"ImageObject","inLanguage":"en-US","@id":"https:\/\/www.cleanairtech.at\/product\/hyper-hepa-filter-h12-h13l-hp150-kopie\/#primaryimage","url":"https:\/\/www.cleanairtech.at\/wp-content\/uploads\/2021\/06\/IQAir-Pemaxfiler-f8s-3296-LuftreinigerwI2tgm8NbxZAJ.jpg","contentUrl":"https:\/\/www.cleanairtech.at\/wp-content\/uploads\/2021\/06\/IQAir-Pemaxfiler-f8s-3296-LuftreinigerwI2tgm8NbxZAJ.jpg","width":800,"height":800},{"@type":"BreadcrumbList","@id":"https:\/\/www.cleanairtech.at\/product\/hyper-hepa-filter-h12-h13l-hp150-kopie\/#breadcrumb","itemListElement":[{"@type":"ListItem","position":1,"name":"Startseite","item":"https:\/\/www.cleanairtech.at\/"},{"@type":"ListItem","position":2,"name":"Shop","item":"http:\/\/www.cleanairtech.at\/en\/shop-2\/"},{"@type":"ListItem","position":3,"name":"PreMax\u00ae Filter F8 (S) HP100\/HP250"}]},{"@type":"WebSite","@id":"https:\/\/www.cleanairtech.at\/#website","url":"https:\/\/www.cleanairtech.at\/","name":"Cleanairtech","description":"Andreas Winter GmbH","publisher":{"@id":"https:\/\/www.cleanairtech.at\/#organization"},"potentialAction":[{"@type":"SearchAction","target":{"@type":"EntryPoint","urlTemplate":"https:\/\/www.cleanairtech.at\/?s={search_term_string}"},"query-input":{"@type":"PropertyValueSpecification","valueRequired":true,"valueName":"search_term_string"}}],"inLanguage":"en-US"},{"@type":"Organization","@id":"https:\/\/www.cleanairtech.at\/#organization","name":"Sytech","url":"https:\/\/www.cleanairtech.at\/","logo":{"@type":"ImageObject","inLanguage":"en-US","@id":"https:\/\/www.cleanairtech.at\/#\/schema\/logo\/image\/","url":"http:\/\/www.cleanairtech.at\/wp-content\/uploads\/2021\/08\/Sytech_Logo.png","contentUrl":"http:\/\/www.cleanairtech.at\/wp-content\/uploads\/2021\/08\/Sytech_Logo.png","width":285,"height":80,"caption":"Sytech"},"image":{"@id":"https:\/\/www.cleanairtech.at\/#\/schema\/logo\/image\/"}}]}},"_links":{"self":[{"href":"https:\/\/www.cleanairtech.at\/en\/wp-json\/wp\/v2\/product\/595","targetHints":{"allow":["GET"]}}],"collection":[{"href":"https:\/\/www.cleanairtech.at\/en\/wp-json\/wp\/v2\/product"}],"about":[{"href":"https:\/\/www.cleanairtech.at\/en\/wp-json\/wp\/v2\/types\/product"}],"replies":[{"embeddable":true,"href":"https:\/\/www.cleanairtech.at\/en\/wp-json\/wp\/v2\/comments?post=595"}],"wp:featuredmedia":[{"embeddable":true,"href":"https:\/\/www.cleanairtech.at\/en\/wp-json\/wp\/v2\/media\/1337"}],"wp:attachment":[{"href":"https:\/\/www.cleanairtech.at\/en\/wp-json\/wp\/v2\/media?parent=595"}],"wp:term":[{"taxonomy":"product_brand","embeddable":true,"href":"https:\/\/www.cleanairtech.at\/en\/wp-json\/wp\/v2\/product_brand?post=595"},{"taxonomy":"product_cat","embeddable":true,"href":"https:\/\/www.cleanairtech.at\/en\/wp-json\/wp\/v2\/product_cat?post=595"},{"taxonomy":"product_tag","embeddable":true,"href":"https:\/\/www.cleanairtech.at\/en\/wp-json\/wp\/v2\/product_tag?post=595"}],"curies":[{"name":"wp","href":"https:\/\/api.w.org\/{rel}","templated":true}]}}