{"id":599,"date":"2021-06-30T18:17:08","date_gmt":"2021-06-30T16:17:08","guid":{"rendered":"http:\/\/localhost\/wordpress\/?post_type=product&#038;p=599"},"modified":"2025-07-17T18:18:20","modified_gmt":"2025-07-17T16:18:20","slug":"hyper-hepa-filter-h12-h13l-2","status":"publish","type":"product","link":"https:\/\/www.cleanairtech.at\/en\/product\/hyper-hepa-filter-h12-h13l-2\/","title":{"rendered":"Hyper-HEPA\u00ae Filter H12 \/ H13(L) 100-250"},"content":{"rendered":"<h2>IQAir Ersatzfilter\u00a0Hyptypengepr\u00fcfterHEPA\u00ae Filter H12 \/ H13 (L)<\/h2>\n<p>Hepa-Ersatzfilter EN 1822,<br \/>\nEffizienz: &gt; 99,97% Partikel 0,3 \u00b5m bzw. 99,50% Partikel 0,003 \u00b5m<br \/>\nOberfl\u00e4che: ca. 5,0 m\u00b2<\/p>\n<p><strong>HyperHEPA\u00ae Filter<br \/>\n<\/strong>Der zertifizierte HyperHEPA-Filter h\u00e4lt je nach Belastung und Einsatz ca. 36 &#8211; 48 Monate.<\/p>\n<p>Der Ersatzfilter passt in die IQAir Luftreiniger Allergen 100, HealthPro 100 NE und HealthPro 250 NE.<\/p>\n<p><strong>Entsorgung von gebrauchten Filtern:<\/strong><br \/>\nGebrauchte Filter k\u00f6nnen in der Regel mit dem Hausm\u00fcll entsorgt werden. Wenn damit sch\u00e4dliche Substanzen gefiltert wurden, m\u00fcssen die Filter eventuell als Sonderm\u00fcll entsorgt werden. Bitte erkundigen Sie sich nach \u00f6rtlichen Vorschriften und Gesetzen.<\/p>\n<h4>Die HyperHEPA Filtration gegen Viren beruht auf drei verschiedenen Wirkungsweisen:<\/h4>\n<p><strong>Siebeffekt<\/strong>\u00a0(engl. interception): Kleinere Partikel, welche dem Luftstrom um die Filterfaser folgen, bleiben haften, wenn sie der Filterfaser zu nahe kommen.<\/p>\n<p><strong>Tr\u00e4gheitseffekt\u00a0<\/strong>(engl. impaction): Gr\u00f6\u00dfere Partikel folgen nicht dem Luftstrom um die Faser herum, sondern prallen aufgrund ihrer\u00a0Tr\u00e4gheit\u00a0dagegen und bleiben haften.<\/p>\n<p><strong>Diffusionseffekt\u00a0<\/strong>(engl. diffusion):\u00a0Sehr kleine Partikel folgen nicht dem Luftstrom, sondern haben durch ihre Zusammenst\u00f6\u00dfe mit den Luftmolek\u00fclen eine der\u00a0Brownschen-Bewegung\u00a0\u00e4hnliche Flugbahn und sto\u00dfen dadurch mit den\u00a0Filterfasern zusammen, wobei sie haften bleiben.<\/p>\n<p>Der Sieb- und Tr\u00e4gheitseffekt kommt besonders f\u00fcr gro\u00dfe Partikel (&gt; 0.4 \u00b5m) zum tragen und\u00a0<strong>der Diffusionseffekt ist besonders f\u00fcr kleinste Partikel (&lt; 0.1 \u00b5m) effektiv.<\/strong><\/p>\n<p>Ein Filter wirkt nicht nur wie ein Sieb, denn der Diffusionseffekt erm\u00f6glicht es, extrem hohe Effizienzen f\u00fcr die kleinsten Partikel, selbst Viren, zu erzielen.<\/p>","protected":false},"excerpt":{"rendered":"<p>Hyper-HEPA\u00ae Filter H12 \/ H13(L) HP100-250 Hepa-Ersatzfilter EN 1822, typengepr\u00fcft Effezienz: &gt; 99,97% Partikel 0,3 \u00b5m Oberfl\u00e4che: ca. 5,0 m\u00b2<\/p>","protected":false},"featured_media":600,"comment_status":"open","ping_status":"closed","template":"","meta":[],"product_brand":[],"product_cat":[42],"product_tag":[],"class_list":{"0":"post-599","1":"product","2":"type-product","3":"status-publish","4":"has-post-thumbnail","6":"product_cat-ersatzfilter","8":"first","9":"instock","10":"taxable","11":"shipping-taxable","12":"purchasable","13":"product-type-simple"},"yoast_head":"<!-- This site is optimized with the Yoast SEO plugin v27.2 - https:\/\/yoast.com\/product\/yoast-seo-wordpress\/ -->\n<title>Hyper-HEPA\u00ae Filter H12 \/ H13(L) 100-250 - CLEANAIRTECH<\/title>\n<meta name=\"robots\" content=\"index, follow, max-snippet:-1, max-image-preview:large, max-video-preview:-1\" \/>\n<link rel=\"canonical\" href=\"https:\/\/www.cleanairtech.at\/en\/product\/hyper-hepa-filter-h12-h13l-2\/\" \/>\n<meta property=\"og:locale\" content=\"en_US\" \/>\n<meta property=\"og:type\" content=\"article\" \/>\n<meta property=\"og:title\" content=\"Hyper-HEPA\u00ae Filter H12 \/ H13(L) 100-250 - CLEANAIRTECH\" \/>\n<meta property=\"og:description\" content=\"Hyper-HEPA\u00ae Filter H12 \/ H13(L) HP100-250 Hepa-Ersatzfilter EN 1822, typengepr\u00fcft Effezienz: &gt; 99,97% Partikel 0,3 \u00b5m Oberfl\u00e4che: ca. 5,0 m\u00b2\" \/>\n<meta property=\"og:url\" content=\"https:\/\/www.cleanairtech.at\/en\/product\/hyper-hepa-filter-h12-h13l-2\/\" \/>\n<meta property=\"og:site_name\" content=\"CLEANAIRTECH\" \/>\n<meta property=\"article:modified_time\" content=\"2025-07-17T16:18:20+00:00\" \/>\n<meta property=\"og:image\" content=\"https:\/\/www.cleanairtech.at\/wp-content\/uploads\/2021\/06\/IQ-Filter_HyperHEPA-H12-H13L_3D-front_web_wm.png\" \/>\n\t<meta property=\"og:image:width\" content=\"828\" \/>\n\t<meta property=\"og:image:height\" content=\"621\" \/>\n\t<meta property=\"og:image:type\" content=\"image\/png\" \/>\n<meta name=\"twitter:card\" content=\"summary_large_image\" \/>\n<meta name=\"twitter:label1\" content=\"Est. reading time\" \/>\n\t<meta name=\"twitter:data1\" content=\"2 minutes\" \/>\n<script type=\"application\/ld+json\" class=\"yoast-schema-graph\">{\"@context\":\"https:\/\/schema.org\",\"@graph\":[{\"@type\":\"WebPage\",\"@id\":\"https:\/\/www.cleanairtech.at\/product\/hyper-hepa-filter-h12-h13l-2\/\",\"url\":\"https:\/\/www.cleanairtech.at\/product\/hyper-hepa-filter-h12-h13l-2\/\",\"name\":\"Hyper-HEPA\u00ae Filter H12 \/ H13(L) 100-250 - CLEANAIRTECH\",\"isPartOf\":{\"@id\":\"https:\/\/www.cleanairtech.at\/#website\"},\"primaryImageOfPage\":{\"@id\":\"https:\/\/www.cleanairtech.at\/product\/hyper-hepa-filter-h12-h13l-2\/#primaryimage\"},\"image\":{\"@id\":\"https:\/\/www.cleanairtech.at\/product\/hyper-hepa-filter-h12-h13l-2\/#primaryimage\"},\"thumbnailUrl\":\"https:\/\/www.cleanairtech.at\/wp-content\/uploads\/2021\/06\/IQ-Filter_HyperHEPA-H12-H13L_3D-front_web_wm.png\",\"datePublished\":\"2021-06-30T16:17:08+00:00\",\"dateModified\":\"2025-07-17T16:18:20+00:00\",\"breadcrumb\":{\"@id\":\"https:\/\/www.cleanairtech.at\/product\/hyper-hepa-filter-h12-h13l-2\/#breadcrumb\"},\"inLanguage\":\"en-US\",\"potentialAction\":[{\"@type\":\"ReadAction\",\"target\":[\"https:\/\/www.cleanairtech.at\/product\/hyper-hepa-filter-h12-h13l-2\/\"]}]},{\"@type\":\"ImageObject\",\"inLanguage\":\"en-US\",\"@id\":\"https:\/\/www.cleanairtech.at\/product\/hyper-hepa-filter-h12-h13l-2\/#primaryimage\",\"url\":\"https:\/\/www.cleanairtech.at\/wp-content\/uploads\/2021\/06\/IQ-Filter_HyperHEPA-H12-H13L_3D-front_web_wm.png\",\"contentUrl\":\"https:\/\/www.cleanairtech.at\/wp-content\/uploads\/2021\/06\/IQ-Filter_HyperHEPA-H12-H13L_3D-front_web_wm.png\",\"width\":828,\"height\":621},{\"@type\":\"BreadcrumbList\",\"@id\":\"https:\/\/www.cleanairtech.at\/product\/hyper-hepa-filter-h12-h13l-2\/#breadcrumb\",\"itemListElement\":[{\"@type\":\"ListItem\",\"position\":1,\"name\":\"Startseite\",\"item\":\"https:\/\/www.cleanairtech.at\/\"},{\"@type\":\"ListItem\",\"position\":2,\"name\":\"Shop\",\"item\":\"http:\/\/www.cleanairtech.at\/en\/shop-2\/\"},{\"@type\":\"ListItem\",\"position\":3,\"name\":\"Hyper-HEPA\u00ae Filter H12 \/ H13(L) 100-250\"}]},{\"@type\":\"WebSite\",\"@id\":\"https:\/\/www.cleanairtech.at\/#website\",\"url\":\"https:\/\/www.cleanairtech.at\/\",\"name\":\"Cleanairtech\",\"description\":\"Andreas Winter GmbH\",\"publisher\":{\"@id\":\"https:\/\/www.cleanairtech.at\/#organization\"},\"potentialAction\":[{\"@type\":\"SearchAction\",\"target\":{\"@type\":\"EntryPoint\",\"urlTemplate\":\"https:\/\/www.cleanairtech.at\/?s={search_term_string}\"},\"query-input\":{\"@type\":\"PropertyValueSpecification\",\"valueRequired\":true,\"valueName\":\"search_term_string\"}}],\"inLanguage\":\"en-US\"},{\"@type\":\"Organization\",\"@id\":\"https:\/\/www.cleanairtech.at\/#organization\",\"name\":\"Sytech\",\"url\":\"https:\/\/www.cleanairtech.at\/\",\"logo\":{\"@type\":\"ImageObject\",\"inLanguage\":\"en-US\",\"@id\":\"https:\/\/www.cleanairtech.at\/#\/schema\/logo\/image\/\",\"url\":\"http:\/\/www.cleanairtech.at\/wp-content\/uploads\/2021\/08\/Sytech_Logo.png\",\"contentUrl\":\"http:\/\/www.cleanairtech.at\/wp-content\/uploads\/2021\/08\/Sytech_Logo.png\",\"width\":285,\"height\":80,\"caption\":\"Sytech\"},\"image\":{\"@id\":\"https:\/\/www.cleanairtech.at\/#\/schema\/logo\/image\/\"}}]}<\/script>\n<!-- \/ Yoast SEO plugin. -->","yoast_head_json":{"title":"Hyper-HEPA\u00ae Filter H12 \/ H13(L) 100-250 - CLEANAIRTECH","robots":{"index":"index","follow":"follow","max-snippet":"max-snippet:-1","max-image-preview":"max-image-preview:large","max-video-preview":"max-video-preview:-1"},"canonical":"https:\/\/www.cleanairtech.at\/en\/product\/hyper-hepa-filter-h12-h13l-2\/","og_locale":"en_US","og_type":"article","og_title":"Hyper-HEPA\u00ae Filter H12 \/ H13(L) 100-250 - CLEANAIRTECH","og_description":"Hyper-HEPA\u00ae Filter H12 \/ H13(L) HP100-250 Hepa-Ersatzfilter EN 1822, typengepr\u00fcft Effezienz: &gt; 99,97% Partikel 0,3 \u00b5m Oberfl\u00e4che: ca. 5,0 m\u00b2","og_url":"https:\/\/www.cleanairtech.at\/en\/product\/hyper-hepa-filter-h12-h13l-2\/","og_site_name":"CLEANAIRTECH","article_modified_time":"2025-07-17T16:18:20+00:00","og_image":[{"width":828,"height":621,"url":"https:\/\/www.cleanairtech.at\/wp-content\/uploads\/2021\/06\/IQ-Filter_HyperHEPA-H12-H13L_3D-front_web_wm.png","type":"image\/png"}],"twitter_card":"summary_large_image","twitter_misc":{"Est. reading time":"2 minutes"},"schema":{"@context":"https:\/\/schema.org","@graph":[{"@type":"WebPage","@id":"https:\/\/www.cleanairtech.at\/product\/hyper-hepa-filter-h12-h13l-2\/","url":"https:\/\/www.cleanairtech.at\/product\/hyper-hepa-filter-h12-h13l-2\/","name":"Hyper-HEPA\u00ae Filter H12 \/ H13(L) 100-250 - CLEANAIRTECH","isPartOf":{"@id":"https:\/\/www.cleanairtech.at\/#website"},"primaryImageOfPage":{"@id":"https:\/\/www.cleanairtech.at\/product\/hyper-hepa-filter-h12-h13l-2\/#primaryimage"},"image":{"@id":"https:\/\/www.cleanairtech.at\/product\/hyper-hepa-filter-h12-h13l-2\/#primaryimage"},"thumbnailUrl":"https:\/\/www.cleanairtech.at\/wp-content\/uploads\/2021\/06\/IQ-Filter_HyperHEPA-H12-H13L_3D-front_web_wm.png","datePublished":"2021-06-30T16:17:08+00:00","dateModified":"2025-07-17T16:18:20+00:00","breadcrumb":{"@id":"https:\/\/www.cleanairtech.at\/product\/hyper-hepa-filter-h12-h13l-2\/#breadcrumb"},"inLanguage":"en-US","potentialAction":[{"@type":"ReadAction","target":["https:\/\/www.cleanairtech.at\/product\/hyper-hepa-filter-h12-h13l-2\/"]}]},{"@type":"ImageObject","inLanguage":"en-US","@id":"https:\/\/www.cleanairtech.at\/product\/hyper-hepa-filter-h12-h13l-2\/#primaryimage","url":"https:\/\/www.cleanairtech.at\/wp-content\/uploads\/2021\/06\/IQ-Filter_HyperHEPA-H12-H13L_3D-front_web_wm.png","contentUrl":"https:\/\/www.cleanairtech.at\/wp-content\/uploads\/2021\/06\/IQ-Filter_HyperHEPA-H12-H13L_3D-front_web_wm.png","width":828,"height":621},{"@type":"BreadcrumbList","@id":"https:\/\/www.cleanairtech.at\/product\/hyper-hepa-filter-h12-h13l-2\/#breadcrumb","itemListElement":[{"@type":"ListItem","position":1,"name":"Startseite","item":"https:\/\/www.cleanairtech.at\/"},{"@type":"ListItem","position":2,"name":"Shop","item":"http:\/\/www.cleanairtech.at\/en\/shop-2\/"},{"@type":"ListItem","position":3,"name":"Hyper-HEPA\u00ae Filter H12 \/ H13(L) 100-250"}]},{"@type":"WebSite","@id":"https:\/\/www.cleanairtech.at\/#website","url":"https:\/\/www.cleanairtech.at\/","name":"Cleanairtech","description":"Andreas Winter GmbH","publisher":{"@id":"https:\/\/www.cleanairtech.at\/#organization"},"potentialAction":[{"@type":"SearchAction","target":{"@type":"EntryPoint","urlTemplate":"https:\/\/www.cleanairtech.at\/?s={search_term_string}"},"query-input":{"@type":"PropertyValueSpecification","valueRequired":true,"valueName":"search_term_string"}}],"inLanguage":"en-US"},{"@type":"Organization","@id":"https:\/\/www.cleanairtech.at\/#organization","name":"Sytech","url":"https:\/\/www.cleanairtech.at\/","logo":{"@type":"ImageObject","inLanguage":"en-US","@id":"https:\/\/www.cleanairtech.at\/#\/schema\/logo\/image\/","url":"http:\/\/www.cleanairtech.at\/wp-content\/uploads\/2021\/08\/Sytech_Logo.png","contentUrl":"http:\/\/www.cleanairtech.at\/wp-content\/uploads\/2021\/08\/Sytech_Logo.png","width":285,"height":80,"caption":"Sytech"},"image":{"@id":"https:\/\/www.cleanairtech.at\/#\/schema\/logo\/image\/"}}]}},"_links":{"self":[{"href":"https:\/\/www.cleanairtech.at\/en\/wp-json\/wp\/v2\/product\/599","targetHints":{"allow":["GET"]}}],"collection":[{"href":"https:\/\/www.cleanairtech.at\/en\/wp-json\/wp\/v2\/product"}],"about":[{"href":"https:\/\/www.cleanairtech.at\/en\/wp-json\/wp\/v2\/types\/product"}],"replies":[{"embeddable":true,"href":"https:\/\/www.cleanairtech.at\/en\/wp-json\/wp\/v2\/comments?post=599"}],"wp:featuredmedia":[{"embeddable":true,"href":"https:\/\/www.cleanairtech.at\/en\/wp-json\/wp\/v2\/media\/600"}],"wp:attachment":[{"href":"https:\/\/www.cleanairtech.at\/en\/wp-json\/wp\/v2\/media?parent=599"}],"wp:term":[{"taxonomy":"product_brand","embeddable":true,"href":"https:\/\/www.cleanairtech.at\/en\/wp-json\/wp\/v2\/product_brand?post=599"},{"taxonomy":"product_cat","embeddable":true,"href":"https:\/\/www.cleanairtech.at\/en\/wp-json\/wp\/v2\/product_cat?post=599"},{"taxonomy":"product_tag","embeddable":true,"href":"https:\/\/www.cleanairtech.at\/en\/wp-json\/wp\/v2\/product_tag?post=599"}],"curies":[{"name":"wp","href":"https:\/\/api.w.org\/{rel}","templated":true}]}}