{"id":605,"date":"2021-06-30T18:20:04","date_gmt":"2021-06-30T16:20:04","guid":{"rendered":"http:\/\/localhost\/wordpress\/?post_type=product&#038;p=605"},"modified":"2025-07-17T18:18:20","modified_gmt":"2025-07-17T16:18:20","slug":"v5-cell-aktivkohlefilter-hp250","status":"publish","type":"product","link":"https:\/\/www.cleanairtech.at\/en\/product\/v5-cell-aktivkohlefilter-hp250\/","title":{"rendered":"V5 Cell Aktivkohlefilter &#8211; HP250"},"content":{"rendered":"<p>V5-Cell\u00ae MG Filter Breitspektrum Gas- und Geruchsfilter Filtermedium: granulierte Aktivkohle, impr\u00e4gniertes Aluminiumoxid<\/p>","protected":false},"excerpt":{"rendered":"<h2>V5-Cell\u00ae MG Filter<\/h2>\n<p>Breitspektrum Gas- und Geruchsfilter Filtermedium: MultiGas\u2122 granulierte Aktivkohle und impr\u00e4gniertes, aktiviertes Aluminiumoxid (AC\/4 + IA\/4)<\/p>\n<p>Geeignet f\u00fcr IQAir HealthPro 250NE<\/p>\n<p><strong>V5 Cell Filter MG<\/strong><br \/>\nDer V5-Cell Filter gegen chemische Schadstoffe und Ger\u00fcche hat eine Filterstandzeit von ca. 15-21 Monaten.<\/p>\n<p><strong>Entsorgung von gebrauchten Filtern:<\/strong><br \/>\nGebrauchte Filter k\u00f6nnen in der Regel mit dem Hausm\u00fcll entsorgt werden. Wenn damit sch\u00e4dliche Substanzen gefiltert wurden, m\u00fcssen die Filter eventuell als Sonderm\u00fcll entsorgt werden. Bitte erkundigen Sie sich nach \u00f6rtlichen Vorschriften und Gesetzen.<\/p>\n<table class=\"product--properties-table\">\n<tbody>\n<tr class=\"product--properties-row\">\n<td class=\"product--properties-label is--bold\">Marke:<\/td>\n<td class=\"product--properties-value\">IQAir<\/td>\n<\/tr>\n<tr class=\"product--properties-row\">\n<td class=\"product--properties-label is--bold\">Filtertechnik:<\/td>\n<td class=\"product--properties-value\">Gas- und Greruchsfilter<\/td>\n<\/tr>\n<tr class=\"product--properties-row\">\n<td class=\"product--properties-label is--bold\">Luftreiniger-Modell:<\/td>\n<td class=\"product--properties-value\">IQAir Luftreiniger HealthPro 250 NE<\/td>\n<\/tr>\n<\/tbody>\n<\/table>","protected":false},"featured_media":607,"comment_status":"open","ping_status":"closed","template":"","meta":[],"product_brand":[],"product_cat":[42],"product_tag":[],"class_list":{"0":"post-605","1":"product","2":"type-product","3":"status-publish","4":"has-post-thumbnail","6":"product_cat-ersatzfilter","8":"first","9":"instock","10":"taxable","11":"shipping-taxable","12":"purchasable","13":"product-type-simple"},"yoast_head":"<!-- This site is optimized with the Yoast SEO plugin v27.2 - https:\/\/yoast.com\/product\/yoast-seo-wordpress\/ -->\n<title>V5 Cell Aktivkohlefilter - HP250 - CLEANAIRTECH<\/title>\n<meta name=\"robots\" content=\"index, follow, max-snippet:-1, max-image-preview:large, max-video-preview:-1\" \/>\n<link rel=\"canonical\" href=\"https:\/\/www.cleanairtech.at\/en\/product\/v5-cell-aktivkohlefilter-hp250\/\" \/>\n<meta property=\"og:locale\" content=\"en_US\" \/>\n<meta property=\"og:type\" content=\"article\" \/>\n<meta property=\"og:title\" content=\"V5 Cell Aktivkohlefilter - HP250 - CLEANAIRTECH\" \/>\n<meta property=\"og:description\" content=\"V5-Cell\u00ae MG Filter Breitspektrum Gas- und Geruchsfilter Filtermedium: MultiGas\u2122 granulierte Aktivkohle und impr\u00e4gniertes, aktiviertes Aluminiumoxid (AC\/4 + IA\/4)  Geeignet f\u00fcr IQAir HealthPro 250NE  V5 Cell Filter MG Der V5-Cell Filter gegen chemische Schadstoffe und Ger\u00fcche hat eine Filterstandzeit von ca. 15-21 Monaten.  Entsorgung von gebrauchten Filtern: Gebrauchte Filter k\u00f6nnen in der Regel mit dem Hausm\u00fcll entsorgt werden. Wenn damit sch\u00e4dliche Substanzen gefiltert wurden, m\u00fcssen die Filter eventuell als Sonderm\u00fcll entsorgt werden. Bitte erkundigen Sie sich nach \u00f6rtlichen Vorschriften und Gesetzen.    Marke: IQAir   Filtertechnik: Gas- und Greruchsfilter   Luftreiniger-Modell: IQAir Luftreiniger HealthPro 250 NE\" \/>\n<meta property=\"og:url\" content=\"https:\/\/www.cleanairtech.at\/en\/product\/v5-cell-aktivkohlefilter-hp250\/\" \/>\n<meta property=\"og:site_name\" content=\"CLEANAIRTECH\" \/>\n<meta property=\"article:modified_time\" content=\"2025-07-17T16:18:20+00:00\" \/>\n<meta property=\"og:image\" content=\"https:\/\/www.cleanairtech.at\/wp-content\/uploads\/2021\/06\/IQ-Filter_V5Cell-MG_3D-front_web_wm.png\" \/>\n\t<meta property=\"og:image:width\" content=\"761\" \/>\n\t<meta property=\"og:image:height\" content=\"559\" \/>\n\t<meta property=\"og:image:type\" content=\"image\/png\" \/>\n<meta name=\"twitter:card\" content=\"summary_large_image\" \/>\n<meta name=\"twitter:label1\" content=\"Est. reading time\" \/>\n\t<meta name=\"twitter:data1\" content=\"1 minute\" \/>\n<script type=\"application\/ld+json\" class=\"yoast-schema-graph\">{\"@context\":\"https:\/\/schema.org\",\"@graph\":[{\"@type\":\"WebPage\",\"@id\":\"https:\/\/www.cleanairtech.at\/product\/v5-cell-aktivkohlefilter-hp250\/\",\"url\":\"https:\/\/www.cleanairtech.at\/product\/v5-cell-aktivkohlefilter-hp250\/\",\"name\":\"V5 Cell Aktivkohlefilter - HP250 - CLEANAIRTECH\",\"isPartOf\":{\"@id\":\"https:\/\/www.cleanairtech.at\/#website\"},\"primaryImageOfPage\":{\"@id\":\"https:\/\/www.cleanairtech.at\/product\/v5-cell-aktivkohlefilter-hp250\/#primaryimage\"},\"image\":{\"@id\":\"https:\/\/www.cleanairtech.at\/product\/v5-cell-aktivkohlefilter-hp250\/#primaryimage\"},\"thumbnailUrl\":\"https:\/\/www.cleanairtech.at\/wp-content\/uploads\/2021\/06\/IQ-Filter_V5Cell-MG_3D-front_web_wm.png\",\"datePublished\":\"2021-06-30T16:20:04+00:00\",\"dateModified\":\"2025-07-17T16:18:20+00:00\",\"breadcrumb\":{\"@id\":\"https:\/\/www.cleanairtech.at\/product\/v5-cell-aktivkohlefilter-hp250\/#breadcrumb\"},\"inLanguage\":\"en-US\",\"potentialAction\":[{\"@type\":\"ReadAction\",\"target\":[\"https:\/\/www.cleanairtech.at\/product\/v5-cell-aktivkohlefilter-hp250\/\"]}]},{\"@type\":\"ImageObject\",\"inLanguage\":\"en-US\",\"@id\":\"https:\/\/www.cleanairtech.at\/product\/v5-cell-aktivkohlefilter-hp250\/#primaryimage\",\"url\":\"https:\/\/www.cleanairtech.at\/wp-content\/uploads\/2021\/06\/IQ-Filter_V5Cell-MG_3D-front_web_wm.png\",\"contentUrl\":\"https:\/\/www.cleanairtech.at\/wp-content\/uploads\/2021\/06\/IQ-Filter_V5Cell-MG_3D-front_web_wm.png\",\"width\":761,\"height\":559},{\"@type\":\"BreadcrumbList\",\"@id\":\"https:\/\/www.cleanairtech.at\/product\/v5-cell-aktivkohlefilter-hp250\/#breadcrumb\",\"itemListElement\":[{\"@type\":\"ListItem\",\"position\":1,\"name\":\"Startseite\",\"item\":\"https:\/\/www.cleanairtech.at\/\"},{\"@type\":\"ListItem\",\"position\":2,\"name\":\"Shop\",\"item\":\"http:\/\/www.cleanairtech.at\/en\/shop-2\/\"},{\"@type\":\"ListItem\",\"position\":3,\"name\":\"V5 Cell Aktivkohlefilter &#8211; HP250\"}]},{\"@type\":\"WebSite\",\"@id\":\"https:\/\/www.cleanairtech.at\/#website\",\"url\":\"https:\/\/www.cleanairtech.at\/\",\"name\":\"Cleanairtech\",\"description\":\"Andreas Winter GmbH\",\"publisher\":{\"@id\":\"https:\/\/www.cleanairtech.at\/#organization\"},\"potentialAction\":[{\"@type\":\"SearchAction\",\"target\":{\"@type\":\"EntryPoint\",\"urlTemplate\":\"https:\/\/www.cleanairtech.at\/?s={search_term_string}\"},\"query-input\":{\"@type\":\"PropertyValueSpecification\",\"valueRequired\":true,\"valueName\":\"search_term_string\"}}],\"inLanguage\":\"en-US\"},{\"@type\":\"Organization\",\"@id\":\"https:\/\/www.cleanairtech.at\/#organization\",\"name\":\"Sytech\",\"url\":\"https:\/\/www.cleanairtech.at\/\",\"logo\":{\"@type\":\"ImageObject\",\"inLanguage\":\"en-US\",\"@id\":\"https:\/\/www.cleanairtech.at\/#\/schema\/logo\/image\/\",\"url\":\"http:\/\/www.cleanairtech.at\/wp-content\/uploads\/2021\/08\/Sytech_Logo.png\",\"contentUrl\":\"http:\/\/www.cleanairtech.at\/wp-content\/uploads\/2021\/08\/Sytech_Logo.png\",\"width\":285,\"height\":80,\"caption\":\"Sytech\"},\"image\":{\"@id\":\"https:\/\/www.cleanairtech.at\/#\/schema\/logo\/image\/\"}}]}<\/script>\n<!-- \/ Yoast SEO plugin. -->","yoast_head_json":{"title":"V5 Cell Aktivkohlefilter - HP250 - CLEANAIRTECH","robots":{"index":"index","follow":"follow","max-snippet":"max-snippet:-1","max-image-preview":"max-image-preview:large","max-video-preview":"max-video-preview:-1"},"canonical":"https:\/\/www.cleanairtech.at\/en\/product\/v5-cell-aktivkohlefilter-hp250\/","og_locale":"en_US","og_type":"article","og_title":"V5 Cell Aktivkohlefilter - HP250 - CLEANAIRTECH","og_description":"V5-Cell\u00ae MG Filter Breitspektrum Gas- und Geruchsfilter Filtermedium: MultiGas\u2122 granulierte Aktivkohle und impr\u00e4gniertes, aktiviertes Aluminiumoxid (AC\/4 + IA\/4)  Geeignet f\u00fcr IQAir HealthPro 250NE  V5 Cell Filter MG Der V5-Cell Filter gegen chemische Schadstoffe und Ger\u00fcche hat eine Filterstandzeit von ca. 15-21 Monaten.  Entsorgung von gebrauchten Filtern: Gebrauchte Filter k\u00f6nnen in der Regel mit dem Hausm\u00fcll entsorgt werden. Wenn damit sch\u00e4dliche Substanzen gefiltert wurden, m\u00fcssen die Filter eventuell als Sonderm\u00fcll entsorgt werden. Bitte erkundigen Sie sich nach \u00f6rtlichen Vorschriften und Gesetzen.    Marke: IQAir   Filtertechnik: Gas- und Greruchsfilter   Luftreiniger-Modell: IQAir Luftreiniger HealthPro 250 NE","og_url":"https:\/\/www.cleanairtech.at\/en\/product\/v5-cell-aktivkohlefilter-hp250\/","og_site_name":"CLEANAIRTECH","article_modified_time":"2025-07-17T16:18:20+00:00","og_image":[{"width":761,"height":559,"url":"https:\/\/www.cleanairtech.at\/wp-content\/uploads\/2021\/06\/IQ-Filter_V5Cell-MG_3D-front_web_wm.png","type":"image\/png"}],"twitter_card":"summary_large_image","twitter_misc":{"Est. reading time":"1 minute"},"schema":{"@context":"https:\/\/schema.org","@graph":[{"@type":"WebPage","@id":"https:\/\/www.cleanairtech.at\/product\/v5-cell-aktivkohlefilter-hp250\/","url":"https:\/\/www.cleanairtech.at\/product\/v5-cell-aktivkohlefilter-hp250\/","name":"V5 Cell Aktivkohlefilter - HP250 - CLEANAIRTECH","isPartOf":{"@id":"https:\/\/www.cleanairtech.at\/#website"},"primaryImageOfPage":{"@id":"https:\/\/www.cleanairtech.at\/product\/v5-cell-aktivkohlefilter-hp250\/#primaryimage"},"image":{"@id":"https:\/\/www.cleanairtech.at\/product\/v5-cell-aktivkohlefilter-hp250\/#primaryimage"},"thumbnailUrl":"https:\/\/www.cleanairtech.at\/wp-content\/uploads\/2021\/06\/IQ-Filter_V5Cell-MG_3D-front_web_wm.png","datePublished":"2021-06-30T16:20:04+00:00","dateModified":"2025-07-17T16:18:20+00:00","breadcrumb":{"@id":"https:\/\/www.cleanairtech.at\/product\/v5-cell-aktivkohlefilter-hp250\/#breadcrumb"},"inLanguage":"en-US","potentialAction":[{"@type":"ReadAction","target":["https:\/\/www.cleanairtech.at\/product\/v5-cell-aktivkohlefilter-hp250\/"]}]},{"@type":"ImageObject","inLanguage":"en-US","@id":"https:\/\/www.cleanairtech.at\/product\/v5-cell-aktivkohlefilter-hp250\/#primaryimage","url":"https:\/\/www.cleanairtech.at\/wp-content\/uploads\/2021\/06\/IQ-Filter_V5Cell-MG_3D-front_web_wm.png","contentUrl":"https:\/\/www.cleanairtech.at\/wp-content\/uploads\/2021\/06\/IQ-Filter_V5Cell-MG_3D-front_web_wm.png","width":761,"height":559},{"@type":"BreadcrumbList","@id":"https:\/\/www.cleanairtech.at\/product\/v5-cell-aktivkohlefilter-hp250\/#breadcrumb","itemListElement":[{"@type":"ListItem","position":1,"name":"Startseite","item":"https:\/\/www.cleanairtech.at\/"},{"@type":"ListItem","position":2,"name":"Shop","item":"http:\/\/www.cleanairtech.at\/en\/shop-2\/"},{"@type":"ListItem","position":3,"name":"V5 Cell Aktivkohlefilter &#8211; HP250"}]},{"@type":"WebSite","@id":"https:\/\/www.cleanairtech.at\/#website","url":"https:\/\/www.cleanairtech.at\/","name":"Cleanairtech","description":"Andreas Winter GmbH","publisher":{"@id":"https:\/\/www.cleanairtech.at\/#organization"},"potentialAction":[{"@type":"SearchAction","target":{"@type":"EntryPoint","urlTemplate":"https:\/\/www.cleanairtech.at\/?s={search_term_string}"},"query-input":{"@type":"PropertyValueSpecification","valueRequired":true,"valueName":"search_term_string"}}],"inLanguage":"en-US"},{"@type":"Organization","@id":"https:\/\/www.cleanairtech.at\/#organization","name":"Sytech","url":"https:\/\/www.cleanairtech.at\/","logo":{"@type":"ImageObject","inLanguage":"en-US","@id":"https:\/\/www.cleanairtech.at\/#\/schema\/logo\/image\/","url":"http:\/\/www.cleanairtech.at\/wp-content\/uploads\/2021\/08\/Sytech_Logo.png","contentUrl":"http:\/\/www.cleanairtech.at\/wp-content\/uploads\/2021\/08\/Sytech_Logo.png","width":285,"height":80,"caption":"Sytech"},"image":{"@id":"https:\/\/www.cleanairtech.at\/#\/schema\/logo\/image\/"}}]}},"_links":{"self":[{"href":"https:\/\/www.cleanairtech.at\/en\/wp-json\/wp\/v2\/product\/605","targetHints":{"allow":["GET"]}}],"collection":[{"href":"https:\/\/www.cleanairtech.at\/en\/wp-json\/wp\/v2\/product"}],"about":[{"href":"https:\/\/www.cleanairtech.at\/en\/wp-json\/wp\/v2\/types\/product"}],"replies":[{"embeddable":true,"href":"https:\/\/www.cleanairtech.at\/en\/wp-json\/wp\/v2\/comments?post=605"}],"wp:featuredmedia":[{"embeddable":true,"href":"https:\/\/www.cleanairtech.at\/en\/wp-json\/wp\/v2\/media\/607"}],"wp:attachment":[{"href":"https:\/\/www.cleanairtech.at\/en\/wp-json\/wp\/v2\/media?parent=605"}],"wp:term":[{"taxonomy":"product_brand","embeddable":true,"href":"https:\/\/www.cleanairtech.at\/en\/wp-json\/wp\/v2\/product_brand?post=605"},{"taxonomy":"product_cat","embeddable":true,"href":"https:\/\/www.cleanairtech.at\/en\/wp-json\/wp\/v2\/product_cat?post=605"},{"taxonomy":"product_tag","embeddable":true,"href":"https:\/\/www.cleanairtech.at\/en\/wp-json\/wp\/v2\/product_tag?post=605"}],"curies":[{"name":"wp","href":"https:\/\/api.w.org\/{rel}","templated":true}]}}