{"id":991,"date":"2021-09-04T00:26:54","date_gmt":"2021-09-03T22:26:54","guid":{"rendered":"http:\/\/localhost\/wordpress\/?post_type=product&#038;p=991"},"modified":"2025-07-17T18:18:20","modified_gmt":"2025-07-17T16:18:20","slug":"iqair-ersatzfilter-premax-mg-filter-f8mg-s","status":"publish","type":"product","link":"https:\/\/www.cleanairtech.at\/en\/product\/iqair-ersatzfilter-premax-mg-filter-f8mg-s\/","title":{"rendered":"IQAir Ersatzfilter PreMax MG Filter F8MG (S) HP150"},"content":{"rendered":"<h2>IQ Air PreMax\u2122 MG Filter F8MG (S)<\/h2>\n<p>Type: Kombinations-Vorfilter f\u00fcr die Feinstaub-, Gas- u. Geruchsfiltration<br \/>\nEffizienz: \u2265 55% @ \u2265 0.3 \u03bcm; Klasse: F8MG (S)<br \/>\nOberfl\u00e4che \/ Gewicht: ca. 1.9 m2 \/ 1.0 kg<\/p>\n<p>Filterlebenszeit: ca. 9-15 Monate.<\/p>\n<p>Geeignet f\u00fcr den IQAir Luftreiniger HealthPro 150.<\/p>\n<p>IQAir Ersatzfilter sofort lieferbar. Online bei SYTECH bestellen, Versand kurzfristig.<\/p>\n<p><strong>Entsorgung von gebrauchten Filtern:<\/strong><br \/>\nGebrauchte Filter k\u00f6nnen in der Regel mit dem Hausm\u00fcll entsorgt werden. Wenn damit sch\u00e4dliche Substanzen gefiltert wurden, m\u00fcssen die Filter eventuell als Sonderm\u00fcll entsorgt werden. Bitte erkundigen Sie sich nach \u00f6rtlichen Vorschriften und Gesetzen.<\/p>\n<table class=\"product--properties-table\">\n<tbody>\n<tr class=\"product--properties-row\">\n<td class=\"product--properties-label is--bold\">Marke:<\/td>\n<td class=\"product--properties-value\">IQAir<\/td>\n<\/tr>\n<tr class=\"product--properties-row\">\n<td class=\"product--properties-label is--bold\">Luftreiniger-Modell:<\/td>\n<td class=\"product--properties-value\">IQAir HealthPro 150, IQAir HealthPro 150 NE<\/td>\n<\/tr>\n<tr class=\"product--properties-row\">\n<td class=\"product--properties-label is--bold\">Hersteller \/ Marke:<\/td>\n<td class=\"product--properties-value\">IQAir<\/td>\n<\/tr>\n<\/tbody>\n<\/table>","protected":false},"excerpt":{"rendered":"<p>IQ Air PreMax\u2122 MG Filter F8MG (S) Type: Kombinations-Vorfilter f\u00fcr die Feinstaub-, Gas- u. Geruchsfiltration Effizienz: \u2265 55% @ \u2265 0.3 \u03bcm; Klasse: F8MG (S) Oberfl\u00e4che \/ Gewicht: ca. 1.9 m2 \/ 1.0 kg Filterlebenszeit: ca. 9-15 Monate. Geeignet f\u00fcr den IQAir Luftreiniger HealthPro 150. IQAir Ersatzfilter sofort lieferbar. Online bei SYTECH bestellen, Versand kurzfristig. [&#8230;]\n","protected":false},"featured_media":597,"comment_status":"open","ping_status":"closed","template":"","meta":[],"product_brand":[],"product_cat":[42],"product_tag":[],"class_list":{"0":"post-991","1":"product","2":"type-product","3":"status-publish","4":"has-post-thumbnail","6":"product_cat-ersatzfilter","8":"first","9":"instock","10":"taxable","11":"shipping-taxable","12":"purchasable","13":"product-type-simple"},"yoast_head":"<!-- This site is optimized with the Yoast SEO plugin v27.2 - https:\/\/yoast.com\/product\/yoast-seo-wordpress\/ -->\n<title>IQAir Ersatzfilter PreMax MG Filter F8MG (S) HP150 - CLEANAIRTECH<\/title>\n<meta name=\"robots\" content=\"index, follow, max-snippet:-1, max-image-preview:large, max-video-preview:-1\" \/>\n<link rel=\"canonical\" href=\"https:\/\/www.cleanairtech.at\/en\/product\/iqair-ersatzfilter-premax-mg-filter-f8mg-s\/\" \/>\n<meta property=\"og:locale\" content=\"en_US\" \/>\n<meta property=\"og:type\" content=\"article\" \/>\n<meta property=\"og:title\" content=\"IQAir Ersatzfilter PreMax MG Filter F8MG (S) HP150 - CLEANAIRTECH\" \/>\n<meta property=\"og:description\" content=\"IQ Air PreMax\u2122 MG Filter F8MG (S) Type: Kombinations-Vorfilter f\u00fcr die Feinstaub-, Gas- u. Geruchsfiltration Effizienz: \u2265 55% @ \u2265 0.3 \u03bcm; Klasse: F8MG (S) Oberfl\u00e4che \/ Gewicht: ca. 1.9 m2 \/ 1.0 kg Filterlebenszeit: ca. 9-15 Monate. Geeignet f\u00fcr den IQAir Luftreiniger HealthPro 150. IQAir Ersatzfilter sofort lieferbar. Online bei SYTECH bestellen, Versand kurzfristig. [...]\" \/>\n<meta property=\"og:url\" content=\"https:\/\/www.cleanairtech.at\/en\/product\/iqair-ersatzfilter-premax-mg-filter-f8mg-s\/\" \/>\n<meta property=\"og:site_name\" content=\"CLEANAIRTECH\" \/>\n<meta property=\"article:modified_time\" content=\"2025-07-17T16:18:20+00:00\" \/>\n<meta property=\"og:image\" content=\"https:\/\/www.cleanairtech.at\/wp-content\/uploads\/2021\/06\/IQ-Filter_PreMax-MG-F8MGS_3D-front_web_wm.png\" \/>\n\t<meta property=\"og:image:width\" content=\"789\" \/>\n\t<meta property=\"og:image:height\" content=\"616\" \/>\n\t<meta property=\"og:image:type\" content=\"image\/png\" \/>\n<meta name=\"twitter:card\" content=\"summary_large_image\" \/>\n<meta name=\"twitter:label1\" content=\"Est. reading time\" \/>\n\t<meta name=\"twitter:data1\" content=\"1 minute\" \/>\n<script type=\"application\/ld+json\" class=\"yoast-schema-graph\">{\"@context\":\"https:\/\/schema.org\",\"@graph\":[{\"@type\":\"WebPage\",\"@id\":\"https:\/\/www.cleanairtech.at\/product\/iqair-ersatzfilter-premax-mg-filter-f8mg-s\/\",\"url\":\"https:\/\/www.cleanairtech.at\/product\/iqair-ersatzfilter-premax-mg-filter-f8mg-s\/\",\"name\":\"IQAir Ersatzfilter PreMax MG Filter F8MG (S) HP150 - CLEANAIRTECH\",\"isPartOf\":{\"@id\":\"https:\/\/www.cleanairtech.at\/#website\"},\"primaryImageOfPage\":{\"@id\":\"https:\/\/www.cleanairtech.at\/product\/iqair-ersatzfilter-premax-mg-filter-f8mg-s\/#primaryimage\"},\"image\":{\"@id\":\"https:\/\/www.cleanairtech.at\/product\/iqair-ersatzfilter-premax-mg-filter-f8mg-s\/#primaryimage\"},\"thumbnailUrl\":\"https:\/\/www.cleanairtech.at\/wp-content\/uploads\/2021\/06\/IQ-Filter_PreMax-MG-F8MGS_3D-front_web_wm.png\",\"datePublished\":\"2021-09-03T22:26:54+00:00\",\"dateModified\":\"2025-07-17T16:18:20+00:00\",\"breadcrumb\":{\"@id\":\"https:\/\/www.cleanairtech.at\/product\/iqair-ersatzfilter-premax-mg-filter-f8mg-s\/#breadcrumb\"},\"inLanguage\":\"en-US\",\"potentialAction\":[{\"@type\":\"ReadAction\",\"target\":[\"https:\/\/www.cleanairtech.at\/product\/iqair-ersatzfilter-premax-mg-filter-f8mg-s\/\"]}]},{\"@type\":\"ImageObject\",\"inLanguage\":\"en-US\",\"@id\":\"https:\/\/www.cleanairtech.at\/product\/iqair-ersatzfilter-premax-mg-filter-f8mg-s\/#primaryimage\",\"url\":\"https:\/\/www.cleanairtech.at\/wp-content\/uploads\/2021\/06\/IQ-Filter_PreMax-MG-F8MGS_3D-front_web_wm.png\",\"contentUrl\":\"https:\/\/www.cleanairtech.at\/wp-content\/uploads\/2021\/06\/IQ-Filter_PreMax-MG-F8MGS_3D-front_web_wm.png\",\"width\":789,\"height\":616},{\"@type\":\"BreadcrumbList\",\"@id\":\"https:\/\/www.cleanairtech.at\/product\/iqair-ersatzfilter-premax-mg-filter-f8mg-s\/#breadcrumb\",\"itemListElement\":[{\"@type\":\"ListItem\",\"position\":1,\"name\":\"Startseite\",\"item\":\"https:\/\/www.cleanairtech.at\/\"},{\"@type\":\"ListItem\",\"position\":2,\"name\":\"Shop\",\"item\":\"http:\/\/www.cleanairtech.at\/en\/shop-2\/\"},{\"@type\":\"ListItem\",\"position\":3,\"name\":\"IQAir Ersatzfilter PreMax MG Filter F8MG (S) HP150\"}]},{\"@type\":\"WebSite\",\"@id\":\"https:\/\/www.cleanairtech.at\/#website\",\"url\":\"https:\/\/www.cleanairtech.at\/\",\"name\":\"Cleanairtech\",\"description\":\"Andreas Winter GmbH\",\"publisher\":{\"@id\":\"https:\/\/www.cleanairtech.at\/#organization\"},\"potentialAction\":[{\"@type\":\"SearchAction\",\"target\":{\"@type\":\"EntryPoint\",\"urlTemplate\":\"https:\/\/www.cleanairtech.at\/?s={search_term_string}\"},\"query-input\":{\"@type\":\"PropertyValueSpecification\",\"valueRequired\":true,\"valueName\":\"search_term_string\"}}],\"inLanguage\":\"en-US\"},{\"@type\":\"Organization\",\"@id\":\"https:\/\/www.cleanairtech.at\/#organization\",\"name\":\"Sytech\",\"url\":\"https:\/\/www.cleanairtech.at\/\",\"logo\":{\"@type\":\"ImageObject\",\"inLanguage\":\"en-US\",\"@id\":\"https:\/\/www.cleanairtech.at\/#\/schema\/logo\/image\/\",\"url\":\"http:\/\/www.cleanairtech.at\/wp-content\/uploads\/2021\/08\/Sytech_Logo.png\",\"contentUrl\":\"http:\/\/www.cleanairtech.at\/wp-content\/uploads\/2021\/08\/Sytech_Logo.png\",\"width\":285,\"height\":80,\"caption\":\"Sytech\"},\"image\":{\"@id\":\"https:\/\/www.cleanairtech.at\/#\/schema\/logo\/image\/\"}}]}<\/script>\n<!-- \/ Yoast SEO plugin. -->","yoast_head_json":{"title":"IQAir Ersatzfilter PreMax MG Filter F8MG (S) HP150 - CLEANAIRTECH","robots":{"index":"index","follow":"follow","max-snippet":"max-snippet:-1","max-image-preview":"max-image-preview:large","max-video-preview":"max-video-preview:-1"},"canonical":"https:\/\/www.cleanairtech.at\/en\/product\/iqair-ersatzfilter-premax-mg-filter-f8mg-s\/","og_locale":"en_US","og_type":"article","og_title":"IQAir Ersatzfilter PreMax MG Filter F8MG (S) HP150 - CLEANAIRTECH","og_description":"IQ Air PreMax\u2122 MG Filter F8MG (S) Type: Kombinations-Vorfilter f\u00fcr die Feinstaub-, Gas- u. Geruchsfiltration Effizienz: \u2265 55% @ \u2265 0.3 \u03bcm; Klasse: F8MG (S) Oberfl\u00e4che \/ Gewicht: ca. 1.9 m2 \/ 1.0 kg Filterlebenszeit: ca. 9-15 Monate. Geeignet f\u00fcr den IQAir Luftreiniger HealthPro 150. IQAir Ersatzfilter sofort lieferbar. Online bei SYTECH bestellen, Versand kurzfristig. [...]","og_url":"https:\/\/www.cleanairtech.at\/en\/product\/iqair-ersatzfilter-premax-mg-filter-f8mg-s\/","og_site_name":"CLEANAIRTECH","article_modified_time":"2025-07-17T16:18:20+00:00","og_image":[{"width":789,"height":616,"url":"https:\/\/www.cleanairtech.at\/wp-content\/uploads\/2021\/06\/IQ-Filter_PreMax-MG-F8MGS_3D-front_web_wm.png","type":"image\/png"}],"twitter_card":"summary_large_image","twitter_misc":{"Est. reading time":"1 minute"},"schema":{"@context":"https:\/\/schema.org","@graph":[{"@type":"WebPage","@id":"https:\/\/www.cleanairtech.at\/product\/iqair-ersatzfilter-premax-mg-filter-f8mg-s\/","url":"https:\/\/www.cleanairtech.at\/product\/iqair-ersatzfilter-premax-mg-filter-f8mg-s\/","name":"IQAir Ersatzfilter PreMax MG Filter F8MG (S) HP150 - CLEANAIRTECH","isPartOf":{"@id":"https:\/\/www.cleanairtech.at\/#website"},"primaryImageOfPage":{"@id":"https:\/\/www.cleanairtech.at\/product\/iqair-ersatzfilter-premax-mg-filter-f8mg-s\/#primaryimage"},"image":{"@id":"https:\/\/www.cleanairtech.at\/product\/iqair-ersatzfilter-premax-mg-filter-f8mg-s\/#primaryimage"},"thumbnailUrl":"https:\/\/www.cleanairtech.at\/wp-content\/uploads\/2021\/06\/IQ-Filter_PreMax-MG-F8MGS_3D-front_web_wm.png","datePublished":"2021-09-03T22:26:54+00:00","dateModified":"2025-07-17T16:18:20+00:00","breadcrumb":{"@id":"https:\/\/www.cleanairtech.at\/product\/iqair-ersatzfilter-premax-mg-filter-f8mg-s\/#breadcrumb"},"inLanguage":"en-US","potentialAction":[{"@type":"ReadAction","target":["https:\/\/www.cleanairtech.at\/product\/iqair-ersatzfilter-premax-mg-filter-f8mg-s\/"]}]},{"@type":"ImageObject","inLanguage":"en-US","@id":"https:\/\/www.cleanairtech.at\/product\/iqair-ersatzfilter-premax-mg-filter-f8mg-s\/#primaryimage","url":"https:\/\/www.cleanairtech.at\/wp-content\/uploads\/2021\/06\/IQ-Filter_PreMax-MG-F8MGS_3D-front_web_wm.png","contentUrl":"https:\/\/www.cleanairtech.at\/wp-content\/uploads\/2021\/06\/IQ-Filter_PreMax-MG-F8MGS_3D-front_web_wm.png","width":789,"height":616},{"@type":"BreadcrumbList","@id":"https:\/\/www.cleanairtech.at\/product\/iqair-ersatzfilter-premax-mg-filter-f8mg-s\/#breadcrumb","itemListElement":[{"@type":"ListItem","position":1,"name":"Startseite","item":"https:\/\/www.cleanairtech.at\/"},{"@type":"ListItem","position":2,"name":"Shop","item":"http:\/\/www.cleanairtech.at\/en\/shop-2\/"},{"@type":"ListItem","position":3,"name":"IQAir Ersatzfilter PreMax MG Filter F8MG (S) HP150"}]},{"@type":"WebSite","@id":"https:\/\/www.cleanairtech.at\/#website","url":"https:\/\/www.cleanairtech.at\/","name":"Cleanairtech","description":"Andreas Winter GmbH","publisher":{"@id":"https:\/\/www.cleanairtech.at\/#organization"},"potentialAction":[{"@type":"SearchAction","target":{"@type":"EntryPoint","urlTemplate":"https:\/\/www.cleanairtech.at\/?s={search_term_string}"},"query-input":{"@type":"PropertyValueSpecification","valueRequired":true,"valueName":"search_term_string"}}],"inLanguage":"en-US"},{"@type":"Organization","@id":"https:\/\/www.cleanairtech.at\/#organization","name":"Sytech","url":"https:\/\/www.cleanairtech.at\/","logo":{"@type":"ImageObject","inLanguage":"en-US","@id":"https:\/\/www.cleanairtech.at\/#\/schema\/logo\/image\/","url":"http:\/\/www.cleanairtech.at\/wp-content\/uploads\/2021\/08\/Sytech_Logo.png","contentUrl":"http:\/\/www.cleanairtech.at\/wp-content\/uploads\/2021\/08\/Sytech_Logo.png","width":285,"height":80,"caption":"Sytech"},"image":{"@id":"https:\/\/www.cleanairtech.at\/#\/schema\/logo\/image\/"}}]}},"_links":{"self":[{"href":"https:\/\/www.cleanairtech.at\/en\/wp-json\/wp\/v2\/product\/991","targetHints":{"allow":["GET"]}}],"collection":[{"href":"https:\/\/www.cleanairtech.at\/en\/wp-json\/wp\/v2\/product"}],"about":[{"href":"https:\/\/www.cleanairtech.at\/en\/wp-json\/wp\/v2\/types\/product"}],"replies":[{"embeddable":true,"href":"https:\/\/www.cleanairtech.at\/en\/wp-json\/wp\/v2\/comments?post=991"}],"wp:featuredmedia":[{"embeddable":true,"href":"https:\/\/www.cleanairtech.at\/en\/wp-json\/wp\/v2\/media\/597"}],"wp:attachment":[{"href":"https:\/\/www.cleanairtech.at\/en\/wp-json\/wp\/v2\/media?parent=991"}],"wp:term":[{"taxonomy":"product_brand","embeddable":true,"href":"https:\/\/www.cleanairtech.at\/en\/wp-json\/wp\/v2\/product_brand?post=991"},{"taxonomy":"product_cat","embeddable":true,"href":"https:\/\/www.cleanairtech.at\/en\/wp-json\/wp\/v2\/product_cat?post=991"},{"taxonomy":"product_tag","embeddable":true,"href":"https:\/\/www.cleanairtech.at\/en\/wp-json\/wp\/v2\/product_tag?post=991"}],"curies":[{"name":"wp","href":"https:\/\/api.w.org\/{rel}","templated":true}]}}