{"id":994,"date":"2021-09-04T00:49:04","date_gmt":"2021-09-03T22:49:04","guid":{"rendered":"http:\/\/localhost\/wordpress\/?post_type=product&#038;p=994"},"modified":"2025-07-17T18:18:20","modified_gmt":"2025-07-17T16:18:20","slug":"iqair-gc-hepa-vorfilter-h11","status":"publish","type":"product","link":"https:\/\/www.cleanairtech.at\/en\/product\/iqair-gc-hepa-vorfilter-h11\/","title":{"rendered":"IQAir GC HEPA Vorfilter H11"},"content":{"rendered":"<h2 class=\"content--title\">IQAir GC Hepa Vorfilter H11<\/h2>\n<div class=\"product--properties panel has--border\">\n<table class=\"product--properties-table\">\n<tbody>\n<tr class=\"product--properties-row\">\n<td class=\"product--properties-label is--bold\">Marke:<\/td>\n<td class=\"product--properties-value\">IQAir<\/td>\n<\/tr>\n<tr class=\"product--properties-row\">\n<td class=\"product--properties-label is--bold\">Luftreiniger-Modell:<\/td>\n<td class=\"product--properties-value\">IQAir GC AM, IQAir GC ChemieSorber, IQAir GC Multigas, IQAir GC VOC<\/td>\n<\/tr>\n<tr class=\"product--properties-row\">\n<td class=\"product--properties-label is--bold\">Hersteller \/ Marke:<\/td>\n<td class=\"product--properties-value\">IQAir<\/td>\n<\/tr>\n<\/tbody>\n<\/table>\n<\/div>\n<div class=\"product--description small--description\">\n<p>Durch das mikroplissierte Glasfaser-Vlies in dem GC HEPA Vorfilter H11 (S) ist die Filtration von feinen, groben und ultrafeinen Staubpartikel, Allergene und Mirkoorganismen hochwirksam. Zudem dient er als Vorfilter und bietet eine l\u00e4ngere Filterstandszeit der vier Filterpatronen.<\/p>\n<div class=\"product--description small--description\">\n<p><strong>Entsorgung von gebrauchten Filtern:<\/strong><br \/>\nGebrauchte Filter k\u00f6nnen in der Regel mit dem Hausm\u00fcll entsorgt werden. Wenn damit sch\u00e4dliche Substanzen gefiltert wurden, m\u00fcssen die Filter eventuell als Sonderm\u00fcll entsorgt werden. Bitte erkundigen Sie sich nach \u00f6rtlichen Vorschriften und Gesetzen.<\/p>\n<\/div>\n<div class=\"small--left--description\">\n<ul>\n<li>Geeignet f\u00fcr alle IQAir GC Modelle<\/li>\n<li>Schneller &amp; einfacher Filterwechsel<\/li>\n<li>Filtermedium: HEPA-Filter aus mikroplissiertem Glasfaser-Vlies &#8211; Effizienz: \u226599% bei \u2265 0,3 \u03bcm<\/li>\n<li>Filterklasse H11<\/li>\n<li>Oberfl\u00e4che 3,0 m\u00b2<\/li>\n<li>Filterstandszeit ca. 9 &#8211; 15 Monate<\/li>\n<\/ul>\n<\/div>\n<\/div>","protected":false},"excerpt":{"rendered":"<p>IQAir GC Hepa Vorfilter H11 Marke: IQAir Luftreiniger-Modell: IQAir GC AM, IQAir GC ChemieSorber, IQAir GC Multigas, IQAir GC VOC Hersteller \/ Marke: IQAir Durch das mikroplissierte Glasfaser-Vlies in dem GC HEPA Vorfilter H11 (S) ist die Filtration von feinen, groben und ultrafeinen Staubpartikel, Allergene und Mirkoorganismen hochwirksam. Zudem dient er als Vorfilter und bietet [&#8230;]\n","protected":false},"featured_media":995,"comment_status":"open","ping_status":"closed","template":"","meta":[],"product_brand":[],"product_cat":[42],"product_tag":[],"class_list":{"0":"post-994","1":"product","2":"type-product","3":"status-publish","4":"has-post-thumbnail","6":"product_cat-ersatzfilter","8":"first","9":"instock","10":"taxable","11":"shipping-taxable","12":"purchasable","13":"product-type-simple"},"yoast_head":"<!-- This site is optimized with the Yoast SEO plugin v27.2 - https:\/\/yoast.com\/product\/yoast-seo-wordpress\/ -->\n<title>IQAir GC HEPA Vorfilter H11 - CLEANAIRTECH<\/title>\n<meta name=\"robots\" content=\"index, follow, max-snippet:-1, max-image-preview:large, max-video-preview:-1\" \/>\n<link rel=\"canonical\" href=\"https:\/\/www.cleanairtech.at\/en\/product\/iqair-gc-hepa-vorfilter-h11\/\" \/>\n<meta property=\"og:locale\" content=\"en_US\" \/>\n<meta property=\"og:type\" content=\"article\" \/>\n<meta property=\"og:title\" content=\"IQAir GC HEPA Vorfilter H11 - CLEANAIRTECH\" \/>\n<meta property=\"og:description\" content=\"IQAir GC Hepa Vorfilter H11 Marke: IQAir Luftreiniger-Modell: IQAir GC AM, IQAir GC ChemieSorber, IQAir GC Multigas, IQAir GC VOC Hersteller \/ Marke: IQAir Durch das mikroplissierte Glasfaser-Vlies in dem GC HEPA Vorfilter H11 (S) ist die Filtration von feinen, groben und ultrafeinen Staubpartikel, Allergene und Mirkoorganismen hochwirksam. Zudem dient er als Vorfilter und bietet [...]\" \/>\n<meta property=\"og:url\" content=\"https:\/\/www.cleanairtech.at\/en\/product\/iqair-gc-hepa-vorfilter-h11\/\" \/>\n<meta property=\"og:site_name\" content=\"CLEANAIRTECH\" \/>\n<meta property=\"article:modified_time\" content=\"2025-07-17T16:18:20+00:00\" \/>\n<meta property=\"og:image\" content=\"https:\/\/www.cleanairtech.at\/wp-content\/uploads\/2021\/09\/IQAir-gc-Hepa-Vorfilter-h11-Packshot-3270-LuftreinigerAzS6czD0b7jNS.jpg\" \/>\n\t<meta property=\"og:image:width\" content=\"800\" \/>\n\t<meta property=\"og:image:height\" content=\"800\" \/>\n\t<meta property=\"og:image:type\" content=\"image\/jpeg\" \/>\n<meta name=\"twitter:card\" content=\"summary_large_image\" \/>\n<meta name=\"twitter:label1\" content=\"Est. reading time\" \/>\n\t<meta name=\"twitter:data1\" content=\"1 minute\" \/>\n<script type=\"application\/ld+json\" class=\"yoast-schema-graph\">{\"@context\":\"https:\/\/schema.org\",\"@graph\":[{\"@type\":\"WebPage\",\"@id\":\"https:\/\/www.cleanairtech.at\/product\/iqair-gc-hepa-vorfilter-h11\/\",\"url\":\"https:\/\/www.cleanairtech.at\/product\/iqair-gc-hepa-vorfilter-h11\/\",\"name\":\"IQAir GC HEPA Vorfilter H11 - CLEANAIRTECH\",\"isPartOf\":{\"@id\":\"https:\/\/www.cleanairtech.at\/#website\"},\"primaryImageOfPage\":{\"@id\":\"https:\/\/www.cleanairtech.at\/product\/iqair-gc-hepa-vorfilter-h11\/#primaryimage\"},\"image\":{\"@id\":\"https:\/\/www.cleanairtech.at\/product\/iqair-gc-hepa-vorfilter-h11\/#primaryimage\"},\"thumbnailUrl\":\"https:\/\/www.cleanairtech.at\/wp-content\/uploads\/2021\/09\/IQAir-gc-Hepa-Vorfilter-h11-Packshot-3270-LuftreinigerAzS6czD0b7jNS.jpg\",\"datePublished\":\"2021-09-03T22:49:04+00:00\",\"dateModified\":\"2025-07-17T16:18:20+00:00\",\"breadcrumb\":{\"@id\":\"https:\/\/www.cleanairtech.at\/product\/iqair-gc-hepa-vorfilter-h11\/#breadcrumb\"},\"inLanguage\":\"en-US\",\"potentialAction\":[{\"@type\":\"ReadAction\",\"target\":[\"https:\/\/www.cleanairtech.at\/product\/iqair-gc-hepa-vorfilter-h11\/\"]}]},{\"@type\":\"ImageObject\",\"inLanguage\":\"en-US\",\"@id\":\"https:\/\/www.cleanairtech.at\/product\/iqair-gc-hepa-vorfilter-h11\/#primaryimage\",\"url\":\"https:\/\/www.cleanairtech.at\/wp-content\/uploads\/2021\/09\/IQAir-gc-Hepa-Vorfilter-h11-Packshot-3270-LuftreinigerAzS6czD0b7jNS.jpg\",\"contentUrl\":\"https:\/\/www.cleanairtech.at\/wp-content\/uploads\/2021\/09\/IQAir-gc-Hepa-Vorfilter-h11-Packshot-3270-LuftreinigerAzS6czD0b7jNS.jpg\",\"width\":800,\"height\":800},{\"@type\":\"BreadcrumbList\",\"@id\":\"https:\/\/www.cleanairtech.at\/product\/iqair-gc-hepa-vorfilter-h11\/#breadcrumb\",\"itemListElement\":[{\"@type\":\"ListItem\",\"position\":1,\"name\":\"Startseite\",\"item\":\"https:\/\/www.cleanairtech.at\/\"},{\"@type\":\"ListItem\",\"position\":2,\"name\":\"Shop\",\"item\":\"http:\/\/www.cleanairtech.at\/en\/shop-2\/\"},{\"@type\":\"ListItem\",\"position\":3,\"name\":\"IQAir GC HEPA Vorfilter H11\"}]},{\"@type\":\"WebSite\",\"@id\":\"https:\/\/www.cleanairtech.at\/#website\",\"url\":\"https:\/\/www.cleanairtech.at\/\",\"name\":\"Cleanairtech\",\"description\":\"Andreas Winter GmbH\",\"publisher\":{\"@id\":\"https:\/\/www.cleanairtech.at\/#organization\"},\"potentialAction\":[{\"@type\":\"SearchAction\",\"target\":{\"@type\":\"EntryPoint\",\"urlTemplate\":\"https:\/\/www.cleanairtech.at\/?s={search_term_string}\"},\"query-input\":{\"@type\":\"PropertyValueSpecification\",\"valueRequired\":true,\"valueName\":\"search_term_string\"}}],\"inLanguage\":\"en-US\"},{\"@type\":\"Organization\",\"@id\":\"https:\/\/www.cleanairtech.at\/#organization\",\"name\":\"Sytech\",\"url\":\"https:\/\/www.cleanairtech.at\/\",\"logo\":{\"@type\":\"ImageObject\",\"inLanguage\":\"en-US\",\"@id\":\"https:\/\/www.cleanairtech.at\/#\/schema\/logo\/image\/\",\"url\":\"http:\/\/www.cleanairtech.at\/wp-content\/uploads\/2021\/08\/Sytech_Logo.png\",\"contentUrl\":\"http:\/\/www.cleanairtech.at\/wp-content\/uploads\/2021\/08\/Sytech_Logo.png\",\"width\":285,\"height\":80,\"caption\":\"Sytech\"},\"image\":{\"@id\":\"https:\/\/www.cleanairtech.at\/#\/schema\/logo\/image\/\"}}]}<\/script>\n<!-- \/ Yoast SEO plugin. -->","yoast_head_json":{"title":"IQAir GC HEPA Vorfilter H11 - CLEANAIRTECH","robots":{"index":"index","follow":"follow","max-snippet":"max-snippet:-1","max-image-preview":"max-image-preview:large","max-video-preview":"max-video-preview:-1"},"canonical":"https:\/\/www.cleanairtech.at\/en\/product\/iqair-gc-hepa-vorfilter-h11\/","og_locale":"en_US","og_type":"article","og_title":"IQAir GC HEPA Vorfilter H11 - CLEANAIRTECH","og_description":"IQAir GC Hepa Vorfilter H11 Marke: IQAir Luftreiniger-Modell: IQAir GC AM, IQAir GC ChemieSorber, IQAir GC Multigas, IQAir GC VOC Hersteller \/ Marke: IQAir Durch das mikroplissierte Glasfaser-Vlies in dem GC HEPA Vorfilter H11 (S) ist die Filtration von feinen, groben und ultrafeinen Staubpartikel, Allergene und Mirkoorganismen hochwirksam. Zudem dient er als Vorfilter und bietet [...]","og_url":"https:\/\/www.cleanairtech.at\/en\/product\/iqair-gc-hepa-vorfilter-h11\/","og_site_name":"CLEANAIRTECH","article_modified_time":"2025-07-17T16:18:20+00:00","og_image":[{"width":800,"height":800,"url":"https:\/\/www.cleanairtech.at\/wp-content\/uploads\/2021\/09\/IQAir-gc-Hepa-Vorfilter-h11-Packshot-3270-LuftreinigerAzS6czD0b7jNS.jpg","type":"image\/jpeg"}],"twitter_card":"summary_large_image","twitter_misc":{"Est. reading time":"1 minute"},"schema":{"@context":"https:\/\/schema.org","@graph":[{"@type":"WebPage","@id":"https:\/\/www.cleanairtech.at\/product\/iqair-gc-hepa-vorfilter-h11\/","url":"https:\/\/www.cleanairtech.at\/product\/iqair-gc-hepa-vorfilter-h11\/","name":"IQAir GC HEPA Vorfilter H11 - CLEANAIRTECH","isPartOf":{"@id":"https:\/\/www.cleanairtech.at\/#website"},"primaryImageOfPage":{"@id":"https:\/\/www.cleanairtech.at\/product\/iqair-gc-hepa-vorfilter-h11\/#primaryimage"},"image":{"@id":"https:\/\/www.cleanairtech.at\/product\/iqair-gc-hepa-vorfilter-h11\/#primaryimage"},"thumbnailUrl":"https:\/\/www.cleanairtech.at\/wp-content\/uploads\/2021\/09\/IQAir-gc-Hepa-Vorfilter-h11-Packshot-3270-LuftreinigerAzS6czD0b7jNS.jpg","datePublished":"2021-09-03T22:49:04+00:00","dateModified":"2025-07-17T16:18:20+00:00","breadcrumb":{"@id":"https:\/\/www.cleanairtech.at\/product\/iqair-gc-hepa-vorfilter-h11\/#breadcrumb"},"inLanguage":"en-US","potentialAction":[{"@type":"ReadAction","target":["https:\/\/www.cleanairtech.at\/product\/iqair-gc-hepa-vorfilter-h11\/"]}]},{"@type":"ImageObject","inLanguage":"en-US","@id":"https:\/\/www.cleanairtech.at\/product\/iqair-gc-hepa-vorfilter-h11\/#primaryimage","url":"https:\/\/www.cleanairtech.at\/wp-content\/uploads\/2021\/09\/IQAir-gc-Hepa-Vorfilter-h11-Packshot-3270-LuftreinigerAzS6czD0b7jNS.jpg","contentUrl":"https:\/\/www.cleanairtech.at\/wp-content\/uploads\/2021\/09\/IQAir-gc-Hepa-Vorfilter-h11-Packshot-3270-LuftreinigerAzS6czD0b7jNS.jpg","width":800,"height":800},{"@type":"BreadcrumbList","@id":"https:\/\/www.cleanairtech.at\/product\/iqair-gc-hepa-vorfilter-h11\/#breadcrumb","itemListElement":[{"@type":"ListItem","position":1,"name":"Startseite","item":"https:\/\/www.cleanairtech.at\/"},{"@type":"ListItem","position":2,"name":"Shop","item":"http:\/\/www.cleanairtech.at\/en\/shop-2\/"},{"@type":"ListItem","position":3,"name":"IQAir GC HEPA Vorfilter H11"}]},{"@type":"WebSite","@id":"https:\/\/www.cleanairtech.at\/#website","url":"https:\/\/www.cleanairtech.at\/","name":"Cleanairtech","description":"Andreas Winter GmbH","publisher":{"@id":"https:\/\/www.cleanairtech.at\/#organization"},"potentialAction":[{"@type":"SearchAction","target":{"@type":"EntryPoint","urlTemplate":"https:\/\/www.cleanairtech.at\/?s={search_term_string}"},"query-input":{"@type":"PropertyValueSpecification","valueRequired":true,"valueName":"search_term_string"}}],"inLanguage":"en-US"},{"@type":"Organization","@id":"https:\/\/www.cleanairtech.at\/#organization","name":"Sytech","url":"https:\/\/www.cleanairtech.at\/","logo":{"@type":"ImageObject","inLanguage":"en-US","@id":"https:\/\/www.cleanairtech.at\/#\/schema\/logo\/image\/","url":"http:\/\/www.cleanairtech.at\/wp-content\/uploads\/2021\/08\/Sytech_Logo.png","contentUrl":"http:\/\/www.cleanairtech.at\/wp-content\/uploads\/2021\/08\/Sytech_Logo.png","width":285,"height":80,"caption":"Sytech"},"image":{"@id":"https:\/\/www.cleanairtech.at\/#\/schema\/logo\/image\/"}}]}},"_links":{"self":[{"href":"https:\/\/www.cleanairtech.at\/en\/wp-json\/wp\/v2\/product\/994","targetHints":{"allow":["GET"]}}],"collection":[{"href":"https:\/\/www.cleanairtech.at\/en\/wp-json\/wp\/v2\/product"}],"about":[{"href":"https:\/\/www.cleanairtech.at\/en\/wp-json\/wp\/v2\/types\/product"}],"replies":[{"embeddable":true,"href":"https:\/\/www.cleanairtech.at\/en\/wp-json\/wp\/v2\/comments?post=994"}],"wp:featuredmedia":[{"embeddable":true,"href":"https:\/\/www.cleanairtech.at\/en\/wp-json\/wp\/v2\/media\/995"}],"wp:attachment":[{"href":"https:\/\/www.cleanairtech.at\/en\/wp-json\/wp\/v2\/media?parent=994"}],"wp:term":[{"taxonomy":"product_brand","embeddable":true,"href":"https:\/\/www.cleanairtech.at\/en\/wp-json\/wp\/v2\/product_brand?post=994"},{"taxonomy":"product_cat","embeddable":true,"href":"https:\/\/www.cleanairtech.at\/en\/wp-json\/wp\/v2\/product_cat?post=994"},{"taxonomy":"product_tag","embeddable":true,"href":"https:\/\/www.cleanairtech.at\/en\/wp-json\/wp\/v2\/product_tag?post=994"}],"curies":[{"name":"wp","href":"https:\/\/api.w.org\/{rel}","templated":true}]}}