{"id":996,"date":"2021-09-04T00:52:02","date_gmt":"2021-09-03T22:52:02","guid":{"rendered":"http:\/\/localhost\/wordpress\/?post_type=product&#038;p=996"},"modified":"2026-04-13T12:55:45","modified_gmt":"2026-04-13T10:55:45","slug":"iqair-gc-multigas-filterpatronen-set","status":"publish","type":"product","link":"https:\/\/www.cleanairtech.at\/en\/product\/iqair-gc-multigas-filterpatronen-set\/","title":{"rendered":"IQAir GC MultiGas Filterpatronen-Set"},"content":{"rendered":"<h2 class=\"default\">IQAir GC MultiGas Filterpatronen-Set<\/h2>\n<div id=\"productDescription\" class=\"a-section a-spacing-small\">\n<p>Dies ist ein Ersatzfilter f\u00fcr den IQAir GC MultiGas Luftreiniger. je nach Verschmutzungsgrad der Luft, verwendete Leistungsstufe etc. h\u00e4lt er ca. 18 bis 30 Monate. Zu den Stoffen, die von diesem Ersatzfilter in der Luft reduziert werden k\u00f6nnen, z\u00e4hlen Kohlenwasserstoffe, fl\u00fcchtige organische Verbindungen (VOC), Schwefeloxide, Formaldehyd, Schwefelwasserstoff, niedrigmolekulare Aldehyde und organische S\u00e4uren, Stickstoffoxide, h\u00f6hermolekulare Gase und Ozon. Die Ersatzfilter arbeiten mit einem Filtermedien-Mix. Das Austauschen des Ersatzfilters in den IQAir GC MultiGasTM ist aufgrund des modularen Geh\u00e4useaufbaus ohne Werkzeug m\u00f6glich.<\/p>\n<\/div>","protected":false},"excerpt":{"rendered":"<p>IQAir GC MultiGas Filterpatronen-Set Dies ist ein Ersatzfilter f\u00fcr den IQAir GC MultiGas Luftreiniger. je nach Verschmutzungsgrad der Luft, verwendete Leistungsstufe etc. h\u00e4lt er ca. 18 bis 30 Monate. Zu den Stoffen, die von diesem Ersatzfilter in der Luft reduziert werden k\u00f6nnen, z\u00e4hlen Kohlenwasserstoffe, fl\u00fcchtige organische Verbindungen (VOC), Schwefeloxide, Formaldehyd, Schwefelwasserstoff, niedrigmolekulare Aldehyde und organische [&#8230;]\n","protected":false},"featured_media":992,"comment_status":"open","ping_status":"closed","template":"","meta":[],"product_brand":[],"product_cat":[42],"product_tag":[],"class_list":{"0":"post-996","1":"product","2":"type-product","3":"status-publish","4":"has-post-thumbnail","6":"product_cat-ersatzfilter","8":"first","9":"instock","10":"taxable","11":"shipping-taxable","12":"purchasable","13":"product-type-simple"},"yoast_head":"<!-- This site is optimized with the Yoast SEO plugin v27.2 - https:\/\/yoast.com\/product\/yoast-seo-wordpress\/ -->\n<title>IQAir GC MultiGas Filterpatronen-Set - CLEANAIRTECH<\/title>\n<meta name=\"robots\" content=\"index, follow, max-snippet:-1, max-image-preview:large, max-video-preview:-1\" \/>\n<link rel=\"canonical\" href=\"https:\/\/www.cleanairtech.at\/en\/product\/iqair-gc-multigas-filterpatronen-set\/\" \/>\n<meta property=\"og:locale\" content=\"en_US\" \/>\n<meta property=\"og:type\" content=\"article\" \/>\n<meta property=\"og:title\" content=\"IQAir GC MultiGas Filterpatronen-Set - CLEANAIRTECH\" \/>\n<meta property=\"og:description\" content=\"IQAir GC MultiGas Filterpatronen-Set Dies ist ein Ersatzfilter f\u00fcr den IQAir GC MultiGas Luftreiniger. je nach Verschmutzungsgrad der Luft, verwendete Leistungsstufe etc. h\u00e4lt er ca. 18 bis 30 Monate. Zu den Stoffen, die von diesem Ersatzfilter in der Luft reduziert werden k\u00f6nnen, z\u00e4hlen Kohlenwasserstoffe, fl\u00fcchtige organische Verbindungen (VOC), Schwefeloxide, Formaldehyd, Schwefelwasserstoff, niedrigmolekulare Aldehyde und organische [...]\" \/>\n<meta property=\"og:url\" content=\"https:\/\/www.cleanairtech.at\/en\/product\/iqair-gc-multigas-filterpatronen-set\/\" \/>\n<meta property=\"og:site_name\" content=\"CLEANAIRTECH\" \/>\n<meta property=\"article:modified_time\" content=\"2026-04-13T10:55:45+00:00\" \/>\n<meta property=\"og:image\" content=\"https:\/\/www.cleanairtech.at\/wp-content\/uploads\/2021\/08\/IQAir-Luftreiniger-GC-MultiGas-Chemisorber-Filter-3292-oeko-planet.jpg\" \/>\n\t<meta property=\"og:image:width\" content=\"800\" \/>\n\t<meta property=\"og:image:height\" content=\"800\" \/>\n\t<meta property=\"og:image:type\" content=\"image\/jpeg\" \/>\n<meta name=\"twitter:card\" content=\"summary_large_image\" \/>\n<meta name=\"twitter:label1\" content=\"Est. reading time\" \/>\n\t<meta name=\"twitter:data1\" content=\"1 minute\" \/>\n<script type=\"application\/ld+json\" class=\"yoast-schema-graph\">{\"@context\":\"https:\/\/schema.org\",\"@graph\":[{\"@type\":\"WebPage\",\"@id\":\"https:\/\/www.cleanairtech.at\/product\/iqair-gc-multigas-filterpatronen-set\/\",\"url\":\"https:\/\/www.cleanairtech.at\/product\/iqair-gc-multigas-filterpatronen-set\/\",\"name\":\"IQAir GC MultiGas Filterpatronen-Set - CLEANAIRTECH\",\"isPartOf\":{\"@id\":\"https:\/\/www.cleanairtech.at\/#website\"},\"primaryImageOfPage\":{\"@id\":\"https:\/\/www.cleanairtech.at\/product\/iqair-gc-multigas-filterpatronen-set\/#primaryimage\"},\"image\":{\"@id\":\"https:\/\/www.cleanairtech.at\/product\/iqair-gc-multigas-filterpatronen-set\/#primaryimage\"},\"thumbnailUrl\":\"https:\/\/www.cleanairtech.at\/wp-content\/uploads\/2021\/08\/IQAir-Luftreiniger-GC-MultiGas-Chemisorber-Filter-3292-oeko-planet.jpg\",\"datePublished\":\"2021-09-03T22:52:02+00:00\",\"dateModified\":\"2026-04-13T10:55:45+00:00\",\"breadcrumb\":{\"@id\":\"https:\/\/www.cleanairtech.at\/product\/iqair-gc-multigas-filterpatronen-set\/#breadcrumb\"},\"inLanguage\":\"en-US\",\"potentialAction\":[{\"@type\":\"ReadAction\",\"target\":[\"https:\/\/www.cleanairtech.at\/product\/iqair-gc-multigas-filterpatronen-set\/\"]}]},{\"@type\":\"ImageObject\",\"inLanguage\":\"en-US\",\"@id\":\"https:\/\/www.cleanairtech.at\/product\/iqair-gc-multigas-filterpatronen-set\/#primaryimage\",\"url\":\"https:\/\/www.cleanairtech.at\/wp-content\/uploads\/2021\/08\/IQAir-Luftreiniger-GC-MultiGas-Chemisorber-Filter-3292-oeko-planet.jpg\",\"contentUrl\":\"https:\/\/www.cleanairtech.at\/wp-content\/uploads\/2021\/08\/IQAir-Luftreiniger-GC-MultiGas-Chemisorber-Filter-3292-oeko-planet.jpg\",\"width\":800,\"height\":800},{\"@type\":\"BreadcrumbList\",\"@id\":\"https:\/\/www.cleanairtech.at\/product\/iqair-gc-multigas-filterpatronen-set\/#breadcrumb\",\"itemListElement\":[{\"@type\":\"ListItem\",\"position\":1,\"name\":\"Startseite\",\"item\":\"https:\/\/www.cleanairtech.at\/\"},{\"@type\":\"ListItem\",\"position\":2,\"name\":\"Shop\",\"item\":\"http:\/\/www.cleanairtech.at\/en\/shop-2\/\"},{\"@type\":\"ListItem\",\"position\":3,\"name\":\"IQAir GC MultiGas Filterpatronen-Set\"}]},{\"@type\":\"WebSite\",\"@id\":\"https:\/\/www.cleanairtech.at\/#website\",\"url\":\"https:\/\/www.cleanairtech.at\/\",\"name\":\"Cleanairtech\",\"description\":\"Andreas Winter GmbH\",\"publisher\":{\"@id\":\"https:\/\/www.cleanairtech.at\/#organization\"},\"potentialAction\":[{\"@type\":\"SearchAction\",\"target\":{\"@type\":\"EntryPoint\",\"urlTemplate\":\"https:\/\/www.cleanairtech.at\/?s={search_term_string}\"},\"query-input\":{\"@type\":\"PropertyValueSpecification\",\"valueRequired\":true,\"valueName\":\"search_term_string\"}}],\"inLanguage\":\"en-US\"},{\"@type\":\"Organization\",\"@id\":\"https:\/\/www.cleanairtech.at\/#organization\",\"name\":\"Sytech\",\"url\":\"https:\/\/www.cleanairtech.at\/\",\"logo\":{\"@type\":\"ImageObject\",\"inLanguage\":\"en-US\",\"@id\":\"https:\/\/www.cleanairtech.at\/#\/schema\/logo\/image\/\",\"url\":\"http:\/\/www.cleanairtech.at\/wp-content\/uploads\/2021\/08\/Sytech_Logo.png\",\"contentUrl\":\"http:\/\/www.cleanairtech.at\/wp-content\/uploads\/2021\/08\/Sytech_Logo.png\",\"width\":285,\"height\":80,\"caption\":\"Sytech\"},\"image\":{\"@id\":\"https:\/\/www.cleanairtech.at\/#\/schema\/logo\/image\/\"}}]}<\/script>\n<!-- \/ Yoast SEO plugin. -->","yoast_head_json":{"title":"IQAir GC MultiGas Filterpatronen-Set - CLEANAIRTECH","robots":{"index":"index","follow":"follow","max-snippet":"max-snippet:-1","max-image-preview":"max-image-preview:large","max-video-preview":"max-video-preview:-1"},"canonical":"https:\/\/www.cleanairtech.at\/en\/product\/iqair-gc-multigas-filterpatronen-set\/","og_locale":"en_US","og_type":"article","og_title":"IQAir GC MultiGas Filterpatronen-Set - CLEANAIRTECH","og_description":"IQAir GC MultiGas Filterpatronen-Set Dies ist ein Ersatzfilter f\u00fcr den IQAir GC MultiGas Luftreiniger. je nach Verschmutzungsgrad der Luft, verwendete Leistungsstufe etc. h\u00e4lt er ca. 18 bis 30 Monate. Zu den Stoffen, die von diesem Ersatzfilter in der Luft reduziert werden k\u00f6nnen, z\u00e4hlen Kohlenwasserstoffe, fl\u00fcchtige organische Verbindungen (VOC), Schwefeloxide, Formaldehyd, Schwefelwasserstoff, niedrigmolekulare Aldehyde und organische [...]","og_url":"https:\/\/www.cleanairtech.at\/en\/product\/iqair-gc-multigas-filterpatronen-set\/","og_site_name":"CLEANAIRTECH","article_modified_time":"2026-04-13T10:55:45+00:00","og_image":[{"width":800,"height":800,"url":"https:\/\/www.cleanairtech.at\/wp-content\/uploads\/2021\/08\/IQAir-Luftreiniger-GC-MultiGas-Chemisorber-Filter-3292-oeko-planet.jpg","type":"image\/jpeg"}],"twitter_card":"summary_large_image","twitter_misc":{"Est. reading time":"1 minute"},"schema":{"@context":"https:\/\/schema.org","@graph":[{"@type":"WebPage","@id":"https:\/\/www.cleanairtech.at\/product\/iqair-gc-multigas-filterpatronen-set\/","url":"https:\/\/www.cleanairtech.at\/product\/iqair-gc-multigas-filterpatronen-set\/","name":"IQAir GC MultiGas Filterpatronen-Set - CLEANAIRTECH","isPartOf":{"@id":"https:\/\/www.cleanairtech.at\/#website"},"primaryImageOfPage":{"@id":"https:\/\/www.cleanairtech.at\/product\/iqair-gc-multigas-filterpatronen-set\/#primaryimage"},"image":{"@id":"https:\/\/www.cleanairtech.at\/product\/iqair-gc-multigas-filterpatronen-set\/#primaryimage"},"thumbnailUrl":"https:\/\/www.cleanairtech.at\/wp-content\/uploads\/2021\/08\/IQAir-Luftreiniger-GC-MultiGas-Chemisorber-Filter-3292-oeko-planet.jpg","datePublished":"2021-09-03T22:52:02+00:00","dateModified":"2026-04-13T10:55:45+00:00","breadcrumb":{"@id":"https:\/\/www.cleanairtech.at\/product\/iqair-gc-multigas-filterpatronen-set\/#breadcrumb"},"inLanguage":"en-US","potentialAction":[{"@type":"ReadAction","target":["https:\/\/www.cleanairtech.at\/product\/iqair-gc-multigas-filterpatronen-set\/"]}]},{"@type":"ImageObject","inLanguage":"en-US","@id":"https:\/\/www.cleanairtech.at\/product\/iqair-gc-multigas-filterpatronen-set\/#primaryimage","url":"https:\/\/www.cleanairtech.at\/wp-content\/uploads\/2021\/08\/IQAir-Luftreiniger-GC-MultiGas-Chemisorber-Filter-3292-oeko-planet.jpg","contentUrl":"https:\/\/www.cleanairtech.at\/wp-content\/uploads\/2021\/08\/IQAir-Luftreiniger-GC-MultiGas-Chemisorber-Filter-3292-oeko-planet.jpg","width":800,"height":800},{"@type":"BreadcrumbList","@id":"https:\/\/www.cleanairtech.at\/product\/iqair-gc-multigas-filterpatronen-set\/#breadcrumb","itemListElement":[{"@type":"ListItem","position":1,"name":"Startseite","item":"https:\/\/www.cleanairtech.at\/"},{"@type":"ListItem","position":2,"name":"Shop","item":"http:\/\/www.cleanairtech.at\/en\/shop-2\/"},{"@type":"ListItem","position":3,"name":"IQAir GC MultiGas Filterpatronen-Set"}]},{"@type":"WebSite","@id":"https:\/\/www.cleanairtech.at\/#website","url":"https:\/\/www.cleanairtech.at\/","name":"Cleanairtech","description":"Andreas Winter GmbH","publisher":{"@id":"https:\/\/www.cleanairtech.at\/#organization"},"potentialAction":[{"@type":"SearchAction","target":{"@type":"EntryPoint","urlTemplate":"https:\/\/www.cleanairtech.at\/?s={search_term_string}"},"query-input":{"@type":"PropertyValueSpecification","valueRequired":true,"valueName":"search_term_string"}}],"inLanguage":"en-US"},{"@type":"Organization","@id":"https:\/\/www.cleanairtech.at\/#organization","name":"Sytech","url":"https:\/\/www.cleanairtech.at\/","logo":{"@type":"ImageObject","inLanguage":"en-US","@id":"https:\/\/www.cleanairtech.at\/#\/schema\/logo\/image\/","url":"http:\/\/www.cleanairtech.at\/wp-content\/uploads\/2021\/08\/Sytech_Logo.png","contentUrl":"http:\/\/www.cleanairtech.at\/wp-content\/uploads\/2021\/08\/Sytech_Logo.png","width":285,"height":80,"caption":"Sytech"},"image":{"@id":"https:\/\/www.cleanairtech.at\/#\/schema\/logo\/image\/"}}]}},"_links":{"self":[{"href":"https:\/\/www.cleanairtech.at\/en\/wp-json\/wp\/v2\/product\/996","targetHints":{"allow":["GET"]}}],"collection":[{"href":"https:\/\/www.cleanairtech.at\/en\/wp-json\/wp\/v2\/product"}],"about":[{"href":"https:\/\/www.cleanairtech.at\/en\/wp-json\/wp\/v2\/types\/product"}],"replies":[{"embeddable":true,"href":"https:\/\/www.cleanairtech.at\/en\/wp-json\/wp\/v2\/comments?post=996"}],"wp:featuredmedia":[{"embeddable":true,"href":"https:\/\/www.cleanairtech.at\/en\/wp-json\/wp\/v2\/media\/992"}],"wp:attachment":[{"href":"https:\/\/www.cleanairtech.at\/en\/wp-json\/wp\/v2\/media?parent=996"}],"wp:term":[{"taxonomy":"product_brand","embeddable":true,"href":"https:\/\/www.cleanairtech.at\/en\/wp-json\/wp\/v2\/product_brand?post=996"},{"taxonomy":"product_cat","embeddable":true,"href":"https:\/\/www.cleanairtech.at\/en\/wp-json\/wp\/v2\/product_cat?post=996"},{"taxonomy":"product_tag","embeddable":true,"href":"https:\/\/www.cleanairtech.at\/en\/wp-json\/wp\/v2\/product_tag?post=996"}],"curies":[{"name":"wp","href":"https:\/\/api.w.org\/{rel}","templated":true}]}}